{"id":1647,"date":"2023-08-08T05:47:05","date_gmt":"2023-08-08T05:47:05","guid":{"rendered":"https:\/\/atomcollaboration.se\/varukorg\/"},"modified":"2024-01-12T11:53:51","modified_gmt":"2024-01-12T11:53:51","slug":"varukorg","status":"publish","type":"page","link":"https:\/\/atomcollaboration.se\/sv\/varukorg\/","title":{"rendered":"Varukorg"},"content":{"rendered":"\t\t<div data-elementor-type=\"wp-page\" data-elementor-id=\"1647\" class=\"elementor elementor-1647\" data-elementor-post-type=\"page\">\n\t\t\t\t\t\t<section class=\"elementor-section elementor-top-section elementor-element elementor-element-7f227954 elementor-section-boxed elementor-section-height-default elementor-section-height-default\" data-id=\"7f227954\" data-element_type=\"section\">\n\t\t\t\t\t\t<div class=\"elementor-container elementor-column-gap-default\">\n\t\t\t\t\t<div class=\"elementor-column elementor-col-100 elementor-top-column elementor-element elementor-element-23b67684\" data-id=\"23b67684\" data-element_type=\"column\">\n\t\t\t<div class=\"elementor-widget-wrap elementor-element-populated\">\n\t\t\t\t\t\t\t<\/div>\n\t\t<\/div>\n\t\t\t\t\t<\/div>\n\t\t<\/section>\n\t\t\t\t<\/div>\n\t\t","protected":false},"excerpt":{"rendered":"<p>Remove item Thumbnail image Product Price Quantity Subtotal &times; Skapa l\u00e4rande f\u00f6r effektiva team 5 500&nbsp;&#107;&#114; Skapa l\u00e4rande f\u00f6r effektiva team quantity 11 000&nbsp;&#107;&#114; &times; Enk\u00e4t f\u00f6r l\u00e4rande och utveckling 67 000&nbsp;&#107;&#114; Enk\u00e4t f\u00f6r l\u00e4rande och utveckling quantity 335 000&nbsp;&#107;&#114; Till\u00e4mpa rabattkod Varukorg totalt Subtotal 346 000&nbsp;&#107;&#114; Total 346 000&nbsp;&#107;&#114; Forts\u00e4tt till kassan<\/p>\n","protected":false},"author":1,"featured_media":0,"parent":0,"menu_order":0,"comment_status":"closed","ping_status":"closed","template":"","meta":{"_acf_changed":false,"footnotes":""},"class_list":["post-1647","page","type-page","status-publish","hentry"],"acf":[],"yoast_head":"<!-- This site is optimized with the Yoast SEO plugin v22.8 - https:\/\/yoast.com\/wordpress\/plugins\/seo\/ -->\n<title>Varukorg - Atom Collaboration<\/title>\n<meta name=\"description\" content=\"Din varukorg\" \/>\n<meta name=\"robots\" content=\"index, follow, max-snippet:-1, max-image-preview:large, max-video-preview:-1\" \/>\n<link rel=\"canonical\" href=\"https:\/\/atomcollaboration.se\/sv\/varukorg\/\" \/>\n<meta property=\"og:locale\" content=\"sv_SE\" \/>\n<meta property=\"og:type\" content=\"article\" \/>\n<meta property=\"og:title\" content=\"Varukorg - Atom Collaboration\" \/>\n<meta property=\"og:description\" content=\"Din varukorg\" \/>\n<meta property=\"og:url\" content=\"https:\/\/atomcollaboration.se\/sv\/varukorg\/\" \/>\n<meta property=\"og:site_name\" content=\"Atom Collaboration\" \/>\n<meta property=\"article:modified_time\" content=\"2024-01-12T11:53:51+00:00\" \/>\n<meta property=\"og:image\" content=\"https:\/\/atomcollaboration.se\/wp-content\/uploads\/2023\/07\/Copy_of_214A9422-300x300.jpg\" \/>\n<meta name=\"twitter:card\" content=\"summary_large_image\" \/>\n<meta name=\"twitter:label1\" content=\"Ber\u00e4knad l\u00e4stid\" \/>\n\t<meta name=\"twitter:data1\" content=\"1 minut\" \/>\n<script type=\"application\/ld+json\" class=\"yoast-schema-graph\">{\"@context\":\"https:\/\/schema.org\",\"@graph\":[{\"@type\":\"WebPage\",\"@id\":\"https:\/\/atomcollaboration.se\/sv\/varukorg\/\",\"url\":\"https:\/\/atomcollaboration.se\/sv\/varukorg\/\",\"name\":\"Varukorg - Atom Collaboration\",\"isPartOf\":{\"@id\":\"https:\/\/atomcollaboration.se\/sv\/#website\"},\"primaryImageOfPage\":{\"@id\":\"https:\/\/atomcollaboration.se\/sv\/varukorg\/#primaryimage\"},\"image\":{\"@id\":\"https:\/\/atomcollaboration.se\/sv\/varukorg\/#primaryimage\"},\"thumbnailUrl\":\"https:\/\/atomcollaboration.se\/wp-content\/uploads\/2023\/07\/Copy_of_214A9422-300x300.jpg\",\"datePublished\":\"2023-08-08T05:47:05+00:00\",\"dateModified\":\"2024-01-12T11:53:51+00:00\",\"description\":\"Din varukorg\",\"inLanguage\":\"sv-SE\",\"potentialAction\":[{\"@type\":\"ReadAction\",\"target\":[\"https:\/\/atomcollaboration.se\/sv\/varukorg\/\"]}]},{\"@type\":\"ImageObject\",\"inLanguage\":\"sv-SE\",\"@id\":\"https:\/\/atomcollaboration.se\/sv\/varukorg\/#primaryimage\",\"url\":\"https:\/\/atomcollaboration.se\/wp-content\/uploads\/2023\/07\/Copy_of_214A9422-300x300.jpg\",\"contentUrl\":\"https:\/\/atomcollaboration.se\/wp-content\/uploads\/2023\/07\/Copy_of_214A9422-300x300.jpg\"},{\"@type\":\"WebSite\",\"@id\":\"https:\/\/atomcollaboration.se\/sv\/#website\",\"url\":\"https:\/\/atomcollaboration.se\/sv\/\",\"name\":\"Atom Collaboration\",\"description\":\"\",\"publisher\":{\"@id\":\"https:\/\/atomcollaboration.se\/sv\/#organization\"},\"potentialAction\":[{\"@type\":\"SearchAction\",\"target\":{\"@type\":\"EntryPoint\",\"urlTemplate\":\"https:\/\/atomcollaboration.se\/sv\/?s={search_term_string}\"},\"query-input\":\"required name=search_term_string\"}],\"inLanguage\":\"sv-SE\"},{\"@type\":\"Organization\",\"@id\":\"https:\/\/atomcollaboration.se\/sv\/#organization\",\"name\":\"Atom Collaboration\",\"url\":\"https:\/\/atomcollaboration.se\/sv\/\",\"logo\":{\"@type\":\"ImageObject\",\"inLanguage\":\"sv-SE\",\"@id\":\"https:\/\/atomcollaboration.se\/sv\/#\/schema\/logo\/image\/\",\"url\":\"https:\/\/atomcollaboration.se\/wp-content\/uploads\/2023\/08\/cropped-Favico@1x.png\",\"contentUrl\":\"https:\/\/atomcollaboration.se\/wp-content\/uploads\/2023\/08\/cropped-Favico@1x.png\",\"width\":512,\"height\":512,\"caption\":\"Atom Collaboration\"},\"image\":{\"@id\":\"https:\/\/atomcollaboration.se\/sv\/#\/schema\/logo\/image\/\"},\"sameAs\":[\"https:\/\/www.instagram.com\/atomcollaboration\/\",\"https:\/\/se.linkedin.com\/company\/atomcollaboration\"]}]}<\/script>\n<!-- \/ Yoast SEO plugin. -->","yoast_head_json":{"title":"Varukorg - Atom Collaboration","description":"Din varukorg","robots":{"index":"index","follow":"follow","max-snippet":"max-snippet:-1","max-image-preview":"max-image-preview:large","max-video-preview":"max-video-preview:-1"},"canonical":"https:\/\/atomcollaboration.se\/sv\/varukorg\/","og_locale":"sv_SE","og_type":"article","og_title":"Varukorg - Atom Collaboration","og_description":"Din varukorg","og_url":"https:\/\/atomcollaboration.se\/sv\/varukorg\/","og_site_name":"Atom Collaboration","article_modified_time":"2024-01-12T11:53:51+00:00","og_image":[{"url":"https:\/\/atomcollaboration.se\/wp-content\/uploads\/2023\/07\/Copy_of_214A9422-300x300.jpg"}],"twitter_card":"summary_large_image","twitter_misc":{"Ber\u00e4knad l\u00e4stid":"1 minut"},"schema":{"@context":"https:\/\/schema.org","@graph":[{"@type":"WebPage","@id":"https:\/\/atomcollaboration.se\/sv\/varukorg\/","url":"https:\/\/atomcollaboration.se\/sv\/varukorg\/","name":"Varukorg - Atom Collaboration","isPartOf":{"@id":"https:\/\/atomcollaboration.se\/sv\/#website"},"primaryImageOfPage":{"@id":"https:\/\/atomcollaboration.se\/sv\/varukorg\/#primaryimage"},"image":{"@id":"https:\/\/atomcollaboration.se\/sv\/varukorg\/#primaryimage"},"thumbnailUrl":"https:\/\/atomcollaboration.se\/wp-content\/uploads\/2023\/07\/Copy_of_214A9422-300x300.jpg","datePublished":"2023-08-08T05:47:05+00:00","dateModified":"2024-01-12T11:53:51+00:00","description":"Din varukorg","inLanguage":"sv-SE","potentialAction":[{"@type":"ReadAction","target":["https:\/\/atomcollaboration.se\/sv\/varukorg\/"]}]},{"@type":"ImageObject","inLanguage":"sv-SE","@id":"https:\/\/atomcollaboration.se\/sv\/varukorg\/#primaryimage","url":"https:\/\/atomcollaboration.se\/wp-content\/uploads\/2023\/07\/Copy_of_214A9422-300x300.jpg","contentUrl":"https:\/\/atomcollaboration.se\/wp-content\/uploads\/2023\/07\/Copy_of_214A9422-300x300.jpg"},{"@type":"WebSite","@id":"https:\/\/atomcollaboration.se\/sv\/#website","url":"https:\/\/atomcollaboration.se\/sv\/","name":"Atom Collaboration","description":"","publisher":{"@id":"https:\/\/atomcollaboration.se\/sv\/#organization"},"potentialAction":[{"@type":"SearchAction","target":{"@type":"EntryPoint","urlTemplate":"https:\/\/atomcollaboration.se\/sv\/?s={search_term_string}"},"query-input":"required name=search_term_string"}],"inLanguage":"sv-SE"},{"@type":"Organization","@id":"https:\/\/atomcollaboration.se\/sv\/#organization","name":"Atom Collaboration","url":"https:\/\/atomcollaboration.se\/sv\/","logo":{"@type":"ImageObject","inLanguage":"sv-SE","@id":"https:\/\/atomcollaboration.se\/sv\/#\/schema\/logo\/image\/","url":"https:\/\/atomcollaboration.se\/wp-content\/uploads\/2023\/08\/cropped-Favico@1x.png","contentUrl":"https:\/\/atomcollaboration.se\/wp-content\/uploads\/2023\/08\/cropped-Favico@1x.png","width":512,"height":512,"caption":"Atom Collaboration"},"image":{"@id":"https:\/\/atomcollaboration.se\/sv\/#\/schema\/logo\/image\/"},"sameAs":["https:\/\/www.instagram.com\/atomcollaboration\/","https:\/\/se.linkedin.com\/company\/atomcollaboration"]}]}},"_links":{"self":[{"href":"https:\/\/atomcollaboration.se\/sv\/wp-json\/wp\/v2\/pages\/1647","targetHints":{"allow":["GET"]}}],"collection":[{"href":"https:\/\/atomcollaboration.se\/sv\/wp-json\/wp\/v2\/pages"}],"about":[{"href":"https:\/\/atomcollaboration.se\/sv\/wp-json\/wp\/v2\/types\/page"}],"author":[{"embeddable":true,"href":"https:\/\/atomcollaboration.se\/sv\/wp-json\/wp\/v2\/users\/1"}],"replies":[{"embeddable":true,"href":"https:\/\/atomcollaboration.se\/sv\/wp-json\/wp\/v2\/comments?post=1647"}],"version-history":[{"count":12,"href":"https:\/\/atomcollaboration.se\/sv\/wp-json\/wp\/v2\/pages\/1647\/revisions"}],"predecessor-version":[{"id":1971,"href":"https:\/\/atomcollaboration.se\/sv\/wp-json\/wp\/v2\/pages\/1647\/revisions\/1971"}],"wp:attachment":[{"href":"https:\/\/atomcollaboration.se\/sv\/wp-json\/wp\/v2\/media?parent=1647"}],"curies":[{"name":"wp","href":"https:\/\/api.w.org\/{rel}","templated":true}]}}