{"id":3078,"date":"2023-08-29T12:35:41","date_gmt":"2023-08-29T12:35:41","guid":{"rendered":"https:\/\/atomcollaboration.se\/?page_id=3078"},"modified":"2025-05-19T08:47:53","modified_gmt":"2025-05-19T08:47:53","slug":"integritetspolicy","status":"publish","type":"page","link":"https:\/\/atomcollaboration.se\/sv\/integritetspolicy\/","title":{"rendered":"Integritetspolicy"},"content":{"rendered":"\t\t<div data-elementor-type=\"wp-page\" data-elementor-id=\"3078\" class=\"elementor elementor-3078\" data-elementor-post-type=\"page\">\n\t\t\t\t<div class=\"elementor-element elementor-element-a15707d blogs e-flex e-con-boxed e-con e-parent\" data-id=\"a15707d\" data-element_type=\"container\">\n\t\t\t\t\t<div class=\"e-con-inner\">\n\t\t<div class=\"elementor-element elementor-element-682f2b2 e-con-full e-flex e-con e-child\" data-id=\"682f2b2\" data-element_type=\"container\" data-settings=\"{&quot;background_background&quot;:&quot;classic&quot;}\">\n\t\t<div class=\"elementor-element elementor-element-ee6e17f e-flex e-con-boxed e-con e-child\" data-id=\"ee6e17f\" data-element_type=\"container\" data-settings=\"{&quot;background_background&quot;:&quot;classic&quot;,&quot;animation&quot;:&quot;none&quot;}\">\n\t\t\t\t\t<div class=\"e-con-inner\">\n\t\t\t\t<div class=\"elementor-element elementor-element-78dedcf elementor-widget elementor-widget-heading\" data-id=\"78dedcf\" data-element_type=\"widget\" data-settings=\"{&quot;_animation&quot;:&quot;none&quot;,&quot;_animation_delay&quot;:150}\" data-widget_type=\"heading.default\">\n\t\t\t\t<div class=\"elementor-widget-container\">\n\t\t\t<style>\/*! elementor - v3.21.0 - 26-05-2024 *\/\n.elementor-heading-title{padding:0;margin:0;line-height:1}.elementor-widget-heading .elementor-heading-title[class*=elementor-size-]>a{color:inherit;font-size:inherit;line-height:inherit}.elementor-widget-heading .elementor-heading-title.elementor-size-small{font-size:15px}.elementor-widget-heading .elementor-heading-title.elementor-size-medium{font-size:19px}.elementor-widget-heading .elementor-heading-title.elementor-size-large{font-size:29px}.elementor-widget-heading .elementor-heading-title.elementor-size-xl{font-size:39px}.elementor-widget-heading .elementor-heading-title.elementor-size-xxl{font-size:59px}<\/style><h1 class=\"elementor-heading-title elementor-size-default\">Integritetspolicy<\/h1>\t\t<\/div>\n\t\t\t\t<\/div>\n\t\t\t\t\t<\/div>\n\t\t\t\t<\/div>\n\t\t<div class=\"elementor-element elementor-element-17be24c e-flex e-con-boxed e-con e-child\" data-id=\"17be24c\" data-element_type=\"container\">\n\t\t\t\t\t<div class=\"e-con-inner\">\n\t\t<div class=\"elementor-element elementor-element-3885c5e e-con-full e-flex e-con e-child\" data-id=\"3885c5e\" data-element_type=\"container\">\n\t\t<div class=\"elementor-element elementor-element-7aaf414 e-flex e-con-boxed e-con e-child\" data-id=\"7aaf414\" data-element_type=\"container\">\n\t\t\t\t\t<div class=\"e-con-inner\">\n\t\t\t\t<div class=\"elementor-element elementor-element-9238e00 elementor-widget elementor-widget-text-editor\" data-id=\"9238e00\" data-element_type=\"widget\" data-widget_type=\"text-editor.default\">\n\t\t\t\t<div class=\"elementor-widget-container\">\n\t\t\t<style>\/*! elementor - v3.21.0 - 26-05-2024 *\/\n.elementor-widget-text-editor.elementor-drop-cap-view-stacked .elementor-drop-cap{background-color:#69727d;color:#fff}.elementor-widget-text-editor.elementor-drop-cap-view-framed .elementor-drop-cap{color:#69727d;border:3px solid;background-color:transparent}.elementor-widget-text-editor:not(.elementor-drop-cap-view-default) .elementor-drop-cap{margin-top:8px}.elementor-widget-text-editor:not(.elementor-drop-cap-view-default) .elementor-drop-cap-letter{width:1em;height:1em}.elementor-widget-text-editor .elementor-drop-cap{float:left;text-align:center;line-height:1;font-size:50px}.elementor-widget-text-editor .elementor-drop-cap-letter{display:inline-block}<\/style>\t\t\t\t<p class=\"\" data-start=\"1044\" data-end=\"1123\"><strong data-start=\"1092\" data-end=\"1123\">Uppdaterad: 19 maj 2025<\/strong><\/p><p class=\"\" data-start=\"1128\" data-end=\"1443\">AtomCo. Advice AB (org.nr 559147-1114), (&#8220;vi&#8221;, &#8220;oss&#8221;, &#8220;v\u00e5r&#8221;) v\u00e4rnar om din personliga integritet och efterstr\u00e4var en h\u00f6g niv\u00e5 av dataskydd. Denna integritetspolicy f\u00f6rklarar hur vi samlar in, anv\u00e4nder, lagrar och skyddar dina personuppgifter n\u00e4r du kontaktar oss, anv\u00e4nder v\u00e5ra tj\u00e4nster eller bes\u00f6ker v\u00e5r webbplats.<\/p><h2 class=\"\" style=\"font-size: 22px;\" data-start=\"1448\" data-end=\"1490\">1. Vem \u00e4r ansvarig f\u00f6r dina uppgifter?<\/h2><p class=\"\" data-start=\"1493\" data-end=\"1641\">AtomCo. Advice AB \u00e4r personuppgiftsansvarig f\u00f6r behandlingen av dina personuppgifter enligt denna policy. Kontakt:<br data-start=\"1607\" data-end=\"1610\" \/><strong data-start=\"1612\" data-end=\"1641\"><a class=\"cursor-pointer\" rel=\"noopener\" data-start=\"1614\" data-end=\"1639\">info@atomcollaboration.se<\/a><\/strong><\/p><h2 style=\"font-size: 22px;\" data-start=\"1646\" data-end=\"1682\">2. Vilka uppgifter samlar vi in?<\/h2><p class=\"\" data-start=\"1685\" data-end=\"1730\">Vi kan komma att samla in f\u00f6ljande uppgifter:<\/p><ul data-start=\"1733\" data-end=\"1911\"><li class=\"\" data-start=\"1733\" data-end=\"1793\"><p class=\"\" data-start=\"1735\" data-end=\"1793\">Namn, e-postadress och telefonnummer (vid kontakt med oss)<\/p><\/li><li class=\"\" data-start=\"1796\" data-end=\"1851\"><p class=\"\" data-start=\"1798\" data-end=\"1851\">IP-adress och teknisk information (via v\u00e5r webbplats)<\/p><\/li><li class=\"\" data-start=\"1854\" data-end=\"1909\"><p class=\"\" data-start=\"1856\" data-end=\"1909\">Anv\u00e4ndardata kopplat till anv\u00e4ndning av v\u00e5ra tj\u00e4nster<\/p><\/li><\/ul><h2 style=\"font-size: 22px;\" data-start=\"1914\" data-end=\"1956\">3. Varf\u00f6r samlar vi in dina uppgifter?<\/h2><p class=\"\" data-start=\"1959\" data-end=\"2001\">Vi behandlar dina personuppgifter f\u00f6r att:<\/p><ul data-start=\"2004\" data-end=\"2160\"><li class=\"\" data-start=\"2004\" data-end=\"2051\"><p class=\"\" data-start=\"2006\" data-end=\"2051\">Besvara f\u00f6rfr\u00e5gningar och kommunicera med dig<\/p><\/li><li class=\"\" data-start=\"2054\" data-end=\"2098\"><p class=\"\" data-start=\"2056\" data-end=\"2098\">Tillhandah\u00e5lla och f\u00f6rb\u00e4ttra v\u00e5ra tj\u00e4nster<\/p><\/li><li class=\"\" data-start=\"2101\" data-end=\"2158\"><p class=\"\" data-start=\"2103\" data-end=\"2158\">F\u00f6ra statistik och utveckla v\u00e5r webbplats (via cookies)<\/p><\/li><\/ul><h2 style=\"font-size: 22px;\" data-start=\"2163\" data-end=\"2201\">4. R\u00e4ttslig grund f\u00f6r behandlingen<\/h2><p class=\"\" data-start=\"2204\" data-end=\"2250\">Vi behandlar dina personuppgifter med st\u00f6d av:<\/p><ul data-start=\"2253\" data-end=\"2501\"><li class=\"\" data-start=\"2253\" data-end=\"2309\"><p class=\"\" data-start=\"2255\" data-end=\"2309\"><strong data-start=\"2255\" data-end=\"2264\">Avtal<\/strong> \u2013 om du \u00e4r kund eller anv\u00e4nder v\u00e5ra tj\u00e4nster<\/p><\/li><li class=\"\" data-start=\"2312\" data-end=\"2351\"><p class=\"\" data-start=\"2314\" data-end=\"2351\"><strong data-start=\"2314\" data-end=\"2326\">Samtycke<\/strong> \u2013 exempelvis f\u00f6r cookies<\/p><\/li><li class=\"\" data-start=\"2354\" data-end=\"2417\"><p class=\"\" data-start=\"2356\" data-end=\"2417\"><strong data-start=\"2356\" data-end=\"2381\">R\u00e4ttslig f\u00f6rpliktelse<\/strong> \u2013 om vi m\u00e5ste lagra data enligt lag<\/p><\/li><li class=\"\" data-start=\"2420\" data-end=\"2499\"><p class=\"\" data-start=\"2422\" data-end=\"2499\"><strong data-start=\"2422\" data-end=\"2445\">Ber\u00e4ttigat intresse<\/strong> \u2013 f\u00f6r att kunna ge service och utveckla v\u00e5ra tj\u00e4nster<\/p><\/li><\/ul><h2 style=\"font-size: 22px;\" data-start=\"2504\" data-end=\"2543\">5. Hur l\u00e4nge sparar vi uppgifterna?<\/h2><p class=\"\" data-start=\"2546\" data-end=\"2688\">Vi sparar dina uppgifter s\u00e5 l\u00e4nge det \u00e4r n\u00f6dv\u00e4ndigt f\u00f6r det \u00e4ndam\u00e5l de samlades in f\u00f6r, eller s\u00e5 l\u00e4nge vi enligt lag \u00e4r skyldiga att g\u00f6ra det.<\/p><h2 style=\"font-size: 22px;\" data-start=\"2693\" data-end=\"2707\">6. Cookies<\/h2><p class=\"\" data-start=\"511\" data-end=\"607\">Vi anv\u00e4nder cookies f\u00f6r att f\u00f6rb\u00e4ttra anv\u00e4ndarupplevelsen och analysera trafik p\u00e5 v\u00e5r webbplats.<\/p><p class=\"\" data-start=\"609\" data-end=\"904\">Denna policy beskriver hur Atom Collab anv\u00e4nder cookies \u2013 vad cookies \u00e4r, hur vi anv\u00e4nder dem och hur du kan hantera dem n\u00e4r du bes\u00f6ker v\u00e5r webbplats och\/eller anv\u00e4nder v\u00e5ra tj\u00e4nster. Policyn omfattar inte n\u00f6dv\u00e4ndiga cookies som kr\u00e4vs f\u00f6r att webbplatsen och dess funktioner ska fungera korrekt.<\/p><p data-start=\"906\" data-end=\"925\"><strong>Vad \u00e4r cookies?<\/strong><\/p><p class=\"\" data-start=\"927\" data-end=\"1068\">En cookie \u00e4r en liten textfil som skickas fr\u00e5n v\u00e5r webbplats och lagras p\u00e5 din dator, mobiltelefon eller annan enhet som anv\u00e4nds vid bes\u00f6ket.<\/p><p class=\"\" data-start=\"1070\" data-end=\"1262\">Cookies hj\u00e4lper oss bland annat att k\u00e4nna igen vilken enhet du anv\u00e4nder vid framtida bes\u00f6k, att tillhandah\u00e5lla grundl\u00e4ggande funktioner och att samla in information om hur webbplatsen anv\u00e4nds.<\/p><p data-start=\"1264\" data-end=\"1293\"><strong>Hur l\u00e4nge lagras cookies?<\/strong><\/p><p class=\"\" data-start=\"1295\" data-end=\"1331\">Det finns tv\u00e5 huvudtyper av cookies:<\/p><ul data-start=\"1333\" data-end=\"1525\"><li class=\"\" data-start=\"1333\" data-end=\"1426\"><p class=\"\" data-start=\"1335\" data-end=\"1426\"><strong data-start=\"1335\" data-end=\"1353\">Sessioncookies<\/strong> \u2013 lagras tempor\u00e4rt och raderas automatiskt n\u00e4r du st\u00e4nger webbl\u00e4saren.<\/p><\/li><li class=\"\" data-start=\"1427\" data-end=\"1525\"><p class=\"\" data-start=\"1429\" data-end=\"1525\"><strong data-start=\"1429\" data-end=\"1451\">Permanenta cookies<\/strong> \u2013 lagras p\u00e5 din enhet under en viss tid eller tills du sj\u00e4lv raderar dem.<\/p><\/li><\/ul><p data-start=\"1527\" data-end=\"1558\"><strong>Varf\u00f6r anv\u00e4nder vi cookies?<\/strong><\/p><p class=\"\" data-start=\"1560\" data-end=\"1842\"><strong data-start=\"1560\" data-end=\"1574\">Optimering<\/strong><br data-start=\"1574\" data-end=\"1577\" \/>Cookies hj\u00e4lper oss att s\u00e4kerst\u00e4lla att webbplatsen fungerar som den ska. De ger oss \u00e4ven statistik och insikter som vi kan anv\u00e4nda f\u00f6r att f\u00f6rb\u00e4ttra anv\u00e4ndarupplevelsen \u2013 till exempel genom att identifiera tekniska problem eller se vilka sidor som \u00e4r mest bes\u00f6kta.<\/p><p class=\"\" data-start=\"1844\" data-end=\"2002\"><strong data-start=\"1844\" data-end=\"1856\">S\u00e4kerhet<\/strong><br data-start=\"1856\" data-end=\"1859\" \/>Vissa cookies anv\u00e4nds f\u00f6r att f\u00f6rb\u00e4ttra s\u00e4kerheten p\u00e5 webbplatsen. De hj\u00e4lper oss att uppt\u00e4cka och f\u00f6rebygga otill\u00e5ten eller skadlig aktivitet.<\/p><p class=\"\" data-start=\"2004\" data-end=\"2294\"><strong data-start=\"2004\" data-end=\"2034\">Anv\u00e4ndarupplevelse (UX\/UI)<\/strong><br data-start=\"2034\" data-end=\"2037\" \/>Cookies g\u00f6r det m\u00f6jligt f\u00f6r oss att anpassa inneh\u00e5ll och kommunikation utifr\u00e5n hur bes\u00f6kare interagerar med webbplatsen. Det ger oss en b\u00e4ttre f\u00f6rst\u00e5else f\u00f6r anv\u00e4ndarbeteenden, vilket i sin tur g\u00f6r att vi kan g\u00f6ra webbplatsen mer relevant och l\u00e4ttnavigerad.<\/p><p data-start=\"2296\" data-end=\"2315\"><strong>Hantera cookies<\/strong><\/p><p class=\"\" data-start=\"2317\" data-end=\"2478\">N\u00e4r du bes\u00f6ker v\u00e5r webbplats f\u00f6r f\u00f6rsta g\u00e5ngen ber vi om ditt samtycke till anv\u00e4ndning av icke-n\u00f6dv\u00e4ndiga cookies. Du kan n\u00e4r som helst \u00e5terkalla detta samtycke.<\/p><p class=\"\" data-start=\"2480\" data-end=\"2756\">Vill du radera eller blockera cookies du tidigare har godk\u00e4nt kan du g\u00f6ra det via inst\u00e4llningarna i din webbl\u00e4sare \u2013 vanligtvis under \u201cHj\u00e4lp\u201d, \u201cVerktyg\u201d eller \u201cInst\u00e4llningar\u201d. Observera att vissa funktioner p\u00e5 webbplatsen kan sluta fungera om du v\u00e4ljer att inaktivera cookies.<\/p><p><strong>Google Analytics<\/strong><\/p><p>Vi anv\u00e4nder Google Analytics f\u00f6r att samla in anonymiserad statistik om hur bes\u00f6kare anv\u00e4nder v\u00e5r webbplats. Informationen hj\u00e4lper oss att f\u00f6rst\u00e5 bes\u00f6ksbeteenden, f\u00f6rb\u00e4ttra inneh\u00e5ll och utveckla webbplatsens funktionalitet. Google Analytics samlar in uppgifter som exempelvis vilka sidor du bes\u00f6ker, hur l\u00e4nge du stannar och vilken typ av enhet eller webbl\u00e4sare du anv\u00e4nder. IP-adresser anonymiseras innan de lagras, vilket inneb\u00e4r att inga personligt identifierbara uppgifter sparas.<\/p><h2 style=\"font-size: 22px;\" data-start=\"2880\" data-end=\"2903\">7. Dina r\u00e4ttigheter<\/h2><p class=\"\" data-start=\"2906\" data-end=\"2922\">Vi reserverar oss r\u00e4tten att g\u00f6ra \u00e4ndringar i denna policy. I de fall \u00e4ndringen p\u00e5verkar v\u00e5ra skyldigheter eller dina r\u00e4ttigheter, kommer vi att informera om \u00e4ndringarna i f\u00f6rv\u00e4g s\u00e5 att du ges m\u00f6jlighet att ta st\u00e4llning till den uppdaterade policyn.<\/p><p class=\"\" data-start=\"2906\" data-end=\"2922\">Du har r\u00e4tt att:<\/p><ul data-start=\"2925\" data-end=\"3056\"><li class=\"\" data-start=\"2925\" data-end=\"2964\"><p class=\"\" data-start=\"2927\" data-end=\"2964\">F\u00e5 tillg\u00e5ng till dina personuppgifter<\/p><\/li><li class=\"\" data-start=\"2967\" data-end=\"2999\"><p class=\"\" data-start=\"2969\" data-end=\"2999\">Beg\u00e4ra r\u00e4ttelse eller radering<\/p><\/li><li class=\"\" data-start=\"3002\" data-end=\"3031\"><p class=\"\" data-start=\"3004\" data-end=\"3031\">Inv\u00e4nda mot viss behandling<\/p><\/li><li class=\"\" data-start=\"3034\" data-end=\"3054\"><p class=\"\" data-start=\"3036\" data-end=\"3054\">\u00c5terkalla samtycke<\/p><\/li><\/ul><p class=\"\" data-start=\"3059\" data-end=\"3137\">F\u00f6r att ut\u00f6va dina r\u00e4ttigheter, kontakta oss p\u00e5 <strong data-start=\"3107\" data-end=\"3136\"><a class=\"cursor-pointer\" rel=\"noopener\" data-start=\"3109\" data-end=\"3134\">info@atomcollaboration.se<\/a><\/strong>.<\/p><h2 style=\"font-size: 22px;\" data-start=\"3142\" data-end=\"3176\">8. \u00d6verf\u00f6ring till tredje part<\/h2><p class=\"\" data-start=\"3179\" data-end=\"3334\">Vi delar inte dina personuppgifter med tredje part om det inte kr\u00e4vs f\u00f6r att tillhandah\u00e5lla v\u00e5ra tj\u00e4nster, f\u00f6lja lagkrav eller om du har samtyckt till det.<\/p>\t\t\t\t\t\t<\/div>\n\t\t\t\t<\/div>\n\t\t\t\t\t<\/div>\n\t\t\t\t<\/div>\n\t\t\t\t<\/div>\n\t\t\t\t\t<\/div>\n\t\t\t\t<\/div>\n\t\t\t\t<\/div>\n\t\t\t\t\t<\/div>\n\t\t\t\t<\/div>\n\t\t\t\t<\/div>\n\t\t","protected":false},"excerpt":{"rendered":"<p>Integritetspolicy Uppdaterad: 19 maj 2025 AtomCo. Advice AB (org.nr 559147-1114), (&#8220;vi&#8221;, &#8220;oss&#8221;, &#8220;v\u00e5r&#8221;) v\u00e4rnar om din personliga integritet och efterstr\u00e4var en h\u00f6g niv\u00e5 av dataskydd. Denna integritetspolicy f\u00f6rklarar hur vi samlar in, anv\u00e4nder, lagrar och skyddar dina personuppgifter n\u00e4r du kontaktar oss, anv\u00e4nder v\u00e5ra tj\u00e4nster eller bes\u00f6ker v\u00e5r webbplats. 1. Vem \u00e4r ansvarig f\u00f6r dina [&hellip;]<\/p>\n","protected":false},"author":2,"featured_media":0,"parent":0,"menu_order":0,"comment_status":"closed","ping_status":"closed","template":"","meta":{"_acf_changed":false,"footnotes":""},"class_list":["post-3078","page","type-page","status-publish","hentry"],"acf":[],"yoast_head":"<!-- This site is optimized with the Yoast SEO plugin v22.8 - https:\/\/yoast.com\/wordpress\/plugins\/seo\/ -->\n<title>Integritetspolicy - Atom Collaboration<\/title>\n<meta name=\"description\" content=\"Atom Collab Integritetspolicy\" \/>\n<meta name=\"robots\" content=\"index, follow, max-snippet:-1, max-image-preview:large, max-video-preview:-1\" \/>\n<link rel=\"canonical\" href=\"https:\/\/atomcollaboration.se\/sv\/integritetspolicy\/\" \/>\n<meta property=\"og:locale\" content=\"sv_SE\" \/>\n<meta property=\"og:type\" content=\"article\" \/>\n<meta property=\"og:title\" content=\"Integritetspolicy - Atom Collaboration\" \/>\n<meta property=\"og:description\" content=\"Atom Collab Integritetspolicy\" \/>\n<meta property=\"og:url\" content=\"https:\/\/atomcollaboration.se\/sv\/integritetspolicy\/\" \/>\n<meta property=\"og:site_name\" content=\"Atom Collaboration\" \/>\n<meta property=\"article:modified_time\" content=\"2025-05-19T08:47:53+00:00\" \/>\n<meta property=\"og:image\" content=\"https:\/\/atomcollaboration.se\/wp-content\/uploads\/2023\/10\/Feaured-Image-Atom.jpeg\" \/>\n\t<meta property=\"og:image:width\" content=\"1200\" \/>\n\t<meta property=\"og:image:height\" content=\"675\" \/>\n\t<meta property=\"og:image:type\" content=\"image\/jpeg\" \/>\n<meta name=\"twitter:card\" content=\"summary_large_image\" \/>\n<meta name=\"twitter:label1\" content=\"Ber\u00e4knad l\u00e4stid\" \/>\n\t<meta name=\"twitter:data1\" content=\"4 minuter\" \/>\n<script type=\"application\/ld+json\" class=\"yoast-schema-graph\">{\"@context\":\"https:\/\/schema.org\",\"@graph\":[{\"@type\":\"WebPage\",\"@id\":\"https:\/\/atomcollaboration.se\/sv\/integritetspolicy\/\",\"url\":\"https:\/\/atomcollaboration.se\/sv\/integritetspolicy\/\",\"name\":\"Integritetspolicy - Atom Collaboration\",\"isPartOf\":{\"@id\":\"https:\/\/atomcollaboration.se\/sv\/#website\"},\"datePublished\":\"2023-08-29T12:35:41+00:00\",\"dateModified\":\"2025-05-19T08:47:53+00:00\",\"description\":\"Atom Collab Integritetspolicy\",\"inLanguage\":\"sv-SE\",\"potentialAction\":[{\"@type\":\"ReadAction\",\"target\":[\"https:\/\/atomcollaboration.se\/sv\/integritetspolicy\/\"]}]},{\"@type\":\"WebSite\",\"@id\":\"https:\/\/atomcollaboration.se\/sv\/#website\",\"url\":\"https:\/\/atomcollaboration.se\/sv\/\",\"name\":\"Atom Collaboration\",\"description\":\"\",\"publisher\":{\"@id\":\"https:\/\/atomcollaboration.se\/sv\/#organization\"},\"potentialAction\":[{\"@type\":\"SearchAction\",\"target\":{\"@type\":\"EntryPoint\",\"urlTemplate\":\"https:\/\/atomcollaboration.se\/sv\/?s={search_term_string}\"},\"query-input\":\"required name=search_term_string\"}],\"inLanguage\":\"sv-SE\"},{\"@type\":\"Organization\",\"@id\":\"https:\/\/atomcollaboration.se\/sv\/#organization\",\"name\":\"Atom Collaboration\",\"url\":\"https:\/\/atomcollaboration.se\/sv\/\",\"logo\":{\"@type\":\"ImageObject\",\"inLanguage\":\"sv-SE\",\"@id\":\"https:\/\/atomcollaboration.se\/sv\/#\/schema\/logo\/image\/\",\"url\":\"https:\/\/atomcollaboration.se\/wp-content\/uploads\/2023\/08\/cropped-Favico@1x.png\",\"contentUrl\":\"https:\/\/atomcollaboration.se\/wp-content\/uploads\/2023\/08\/cropped-Favico@1x.png\",\"width\":512,\"height\":512,\"caption\":\"Atom Collaboration\"},\"image\":{\"@id\":\"https:\/\/atomcollaboration.se\/sv\/#\/schema\/logo\/image\/\"},\"sameAs\":[\"https:\/\/www.instagram.com\/atomcollaboration\/\",\"https:\/\/se.linkedin.com\/company\/atomcollaboration\"]}]}<\/script>\n<!-- \/ Yoast SEO plugin. -->","yoast_head_json":{"title":"Integritetspolicy - Atom Collaboration","description":"Atom Collab Integritetspolicy","robots":{"index":"index","follow":"follow","max-snippet":"max-snippet:-1","max-image-preview":"max-image-preview:large","max-video-preview":"max-video-preview:-1"},"canonical":"https:\/\/atomcollaboration.se\/sv\/integritetspolicy\/","og_locale":"sv_SE","og_type":"article","og_title":"Integritetspolicy - Atom Collaboration","og_description":"Atom Collab Integritetspolicy","og_url":"https:\/\/atomcollaboration.se\/sv\/integritetspolicy\/","og_site_name":"Atom Collaboration","article_modified_time":"2025-05-19T08:47:53+00:00","og_image":[{"width":1200,"height":675,"url":"https:\/\/atomcollaboration.se\/wp-content\/uploads\/2023\/10\/Feaured-Image-Atom.jpeg","type":"image\/jpeg"}],"twitter_card":"summary_large_image","twitter_misc":{"Ber\u00e4knad l\u00e4stid":"4 minuter"},"schema":{"@context":"https:\/\/schema.org","@graph":[{"@type":"WebPage","@id":"https:\/\/atomcollaboration.se\/sv\/integritetspolicy\/","url":"https:\/\/atomcollaboration.se\/sv\/integritetspolicy\/","name":"Integritetspolicy - Atom Collaboration","isPartOf":{"@id":"https:\/\/atomcollaboration.se\/sv\/#website"},"datePublished":"2023-08-29T12:35:41+00:00","dateModified":"2025-05-19T08:47:53+00:00","description":"Atom Collab Integritetspolicy","inLanguage":"sv-SE","potentialAction":[{"@type":"ReadAction","target":["https:\/\/atomcollaboration.se\/sv\/integritetspolicy\/"]}]},{"@type":"WebSite","@id":"https:\/\/atomcollaboration.se\/sv\/#website","url":"https:\/\/atomcollaboration.se\/sv\/","name":"Atom Collaboration","description":"","publisher":{"@id":"https:\/\/atomcollaboration.se\/sv\/#organization"},"potentialAction":[{"@type":"SearchAction","target":{"@type":"EntryPoint","urlTemplate":"https:\/\/atomcollaboration.se\/sv\/?s={search_term_string}"},"query-input":"required name=search_term_string"}],"inLanguage":"sv-SE"},{"@type":"Organization","@id":"https:\/\/atomcollaboration.se\/sv\/#organization","name":"Atom Collaboration","url":"https:\/\/atomcollaboration.se\/sv\/","logo":{"@type":"ImageObject","inLanguage":"sv-SE","@id":"https:\/\/atomcollaboration.se\/sv\/#\/schema\/logo\/image\/","url":"https:\/\/atomcollaboration.se\/wp-content\/uploads\/2023\/08\/cropped-Favico@1x.png","contentUrl":"https:\/\/atomcollaboration.se\/wp-content\/uploads\/2023\/08\/cropped-Favico@1x.png","width":512,"height":512,"caption":"Atom Collaboration"},"image":{"@id":"https:\/\/atomcollaboration.se\/sv\/#\/schema\/logo\/image\/"},"sameAs":["https:\/\/www.instagram.com\/atomcollaboration\/","https:\/\/se.linkedin.com\/company\/atomcollaboration"]}]}},"_links":{"self":[{"href":"https:\/\/atomcollaboration.se\/sv\/wp-json\/wp\/v2\/pages\/3078","targetHints":{"allow":["GET"]}}],"collection":[{"href":"https:\/\/atomcollaboration.se\/sv\/wp-json\/wp\/v2\/pages"}],"about":[{"href":"https:\/\/atomcollaboration.se\/sv\/wp-json\/wp\/v2\/types\/page"}],"author":[{"embeddable":true,"href":"https:\/\/atomcollaboration.se\/sv\/wp-json\/wp\/v2\/users\/2"}],"replies":[{"embeddable":true,"href":"https:\/\/atomcollaboration.se\/sv\/wp-json\/wp\/v2\/comments?post=3078"}],"version-history":[{"count":13,"href":"https:\/\/atomcollaboration.se\/sv\/wp-json\/wp\/v2\/pages\/3078\/revisions"}],"predecessor-version":[{"id":8559,"href":"https:\/\/atomcollaboration.se\/sv\/wp-json\/wp\/v2\/pages\/3078\/revisions\/8559"}],"wp:attachment":[{"href":"https:\/\/atomcollaboration.se\/sv\/wp-json\/wp\/v2\/media?parent=3078"}],"curies":[{"name":"wp","href":"https:\/\/api.w.org\/{rel}","templated":true}]}}