{"id":3083,"date":"2023-08-29T12:38:38","date_gmt":"2023-08-29T12:38:38","guid":{"rendered":"https:\/\/atomcollaboration.se\/?page_id=3083"},"modified":"2024-01-12T09:30:14","modified_gmt":"2024-01-12T09:30:14","slug":"cookie-policy","status":"publish","type":"page","link":"https:\/\/atomcollaboration.se\/sv\/cookie-policy\/","title":{"rendered":"Cookie Policy"},"content":{"rendered":"\t\t<div data-elementor-type=\"wp-page\" data-elementor-id=\"3083\" class=\"elementor elementor-3083\" data-elementor-post-type=\"page\">\n\t\t\t\t<div class=\"elementor-element elementor-element-a15707d blogs e-flex e-con-boxed e-con e-parent\" data-id=\"a15707d\" data-element_type=\"container\">\n\t\t\t\t\t<div class=\"e-con-inner\">\n\t\t<div class=\"elementor-element elementor-element-682f2b2 e-con-full e-flex e-con e-parent\" data-id=\"682f2b2\" data-element_type=\"container\" data-settings=\"{&quot;background_background&quot;:&quot;classic&quot;}\">\n\t\t<div class=\"elementor-element elementor-element-ee6e17f e-flex e-con-boxed e-con e-parent\" data-id=\"ee6e17f\" data-element_type=\"container\" data-settings=\"{&quot;background_background&quot;:&quot;classic&quot;}\">\n\t\t\t\t\t<div class=\"e-con-inner\">\n\t\t\t\t<div class=\"elementor-element elementor-element-78dedcf elementor-invisible elementor-widget elementor-widget-heading\" data-id=\"78dedcf\" data-element_type=\"widget\" data-settings=\"{&quot;_animation&quot;:&quot;fadeInLeft&quot;,&quot;_animation_delay&quot;:150}\" data-widget_type=\"heading.default\">\n\t\t\t\t<div class=\"elementor-widget-container\">\n\t\t\t<style>\/*! elementor - v3.21.0 - 26-05-2024 *\/\n.elementor-heading-title{padding:0;margin:0;line-height:1}.elementor-widget-heading .elementor-heading-title[class*=elementor-size-]>a{color:inherit;font-size:inherit;line-height:inherit}.elementor-widget-heading .elementor-heading-title.elementor-size-small{font-size:15px}.elementor-widget-heading .elementor-heading-title.elementor-size-medium{font-size:19px}.elementor-widget-heading .elementor-heading-title.elementor-size-large{font-size:29px}.elementor-widget-heading .elementor-heading-title.elementor-size-xl{font-size:39px}.elementor-widget-heading .elementor-heading-title.elementor-size-xxl{font-size:59px}<\/style><h1 class=\"elementor-heading-title elementor-size-default\">Cookie Policy<\/h1>\t\t<\/div>\n\t\t\t\t<\/div>\n\t\t\t\t\t<\/div>\n\t\t\t\t<\/div>\n\t\t<div class=\"elementor-element elementor-element-17be24c e-flex e-con-boxed e-con e-parent\" data-id=\"17be24c\" data-element_type=\"container\">\n\t\t\t\t\t<div class=\"e-con-inner\">\n\t\t<div class=\"elementor-element elementor-element-28e58cd e-con-full e-flex e-con e-parent\" data-id=\"28e58cd\" data-element_type=\"container\">\n\t\t\t\t<div class=\"elementor-element elementor-element-e78caed elementor-widget elementor-widget-heading\" data-id=\"e78caed\" data-element_type=\"widget\" data-settings=\"{&quot;sticky&quot;:&quot;top&quot;,&quot;sticky_offset&quot;:250,&quot;sticky_parent&quot;:&quot;yes&quot;,&quot;sticky_on&quot;:[&quot;desktop&quot;,&quot;tablet&quot;,&quot;mobile&quot;],&quot;sticky_effects_offset&quot;:0}\" data-widget_type=\"heading.default\">\n\t\t\t\t<div class=\"elementor-widget-container\">\n\t\t\t<h2 class=\"elementor-heading-title elementor-size-default\">Atom Collab Cookie Policy<\/h2>\t\t<\/div>\n\t\t\t\t<\/div>\n\t\t\t\t<\/div>\n\t\t<div class=\"elementor-element elementor-element-3885c5e e-con-full e-flex e-con e-parent\" data-id=\"3885c5e\" data-element_type=\"container\">\n\t\t<div class=\"elementor-element elementor-element-7aaf414 e-flex e-con-boxed e-con e-parent\" data-id=\"7aaf414\" data-element_type=\"container\">\n\t\t\t\t\t<div class=\"e-con-inner\">\n\t\t\t\t<div class=\"elementor-element elementor-element-9238e00 elementor-widget elementor-widget-text-editor\" data-id=\"9238e00\" data-element_type=\"widget\" data-widget_type=\"text-editor.default\">\n\t\t\t\t<div class=\"elementor-widget-container\">\n\t\t\t<style>\/*! elementor - v3.21.0 - 26-05-2024 *\/\n.elementor-widget-text-editor.elementor-drop-cap-view-stacked .elementor-drop-cap{background-color:#69727d;color:#fff}.elementor-widget-text-editor.elementor-drop-cap-view-framed .elementor-drop-cap{color:#69727d;border:3px solid;background-color:transparent}.elementor-widget-text-editor:not(.elementor-drop-cap-view-default) .elementor-drop-cap{margin-top:8px}.elementor-widget-text-editor:not(.elementor-drop-cap-view-default) .elementor-drop-cap-letter{width:1em;height:1em}.elementor-widget-text-editor .elementor-drop-cap{float:left;text-align:center;line-height:1;font-size:50px}.elementor-widget-text-editor .elementor-drop-cap-letter{display:inline-block}<\/style>\t\t\t\t<p><strong>SWEDISH<\/strong><br \/><strong>Uppdaterad: 29 augusti 203.<\/strong><\/p><p>AtomCo. Advice AB, org nummer 559147-1114, ATOMCOLLABORATION.SE, SPORRV\u00c4GEN 10, 17759 J\u00e4rf\u00e4lla, <a href=\"mailto:info@atomcollaboration.se\" target=\"_new\">info@atomcollaboration.se<\/a>.<\/p><p>Ditt uppdrag: Du ska analysera informationen. D\u00e4refter ska du ers\u00e4tta allt som har med frim\u00e4rken att g\u00f6ra med Atom Collab och deras information. Ditt uppdrag ska du skapa en ny Cookie Policy som utg\u00e5r fr\u00e5n exemplet nedan men med Atom Collaboration och dess kontaktuppgifter. AtomCo. Advice AB kallas Atom Collab. Ditt resultat ska vara p\u00e5 Svenska.<\/p><p>Ny Cookie Policy: Varf\u00f6r Och F\u00f6r Vem? AtomCo. Advice AB, organisationsnummer 559147-1114, (\u201cAtom Collab\u201c, \u201cvi\u201c, \u201coss\u201c, \u201cv\u00e5r\u201c) anv\u00e4nder cookies och andra sp\u00e5rningstekniker (\u201cCookies\u201c) f\u00f6r att f\u00f6rb\u00e4ttra din anv\u00e4ndarupplevelse.<\/p><p>Denna Cookie Policy (\u201cPolicyn\u201c) beskriver Atom Collabs anv\u00e4ndning av Cookies genom att f\u00f6rklara vad Cookies \u00e4r, hur vi anv\u00e4nder oss av dom och hur du kan styra anv\u00e4ndningen av Cookies n\u00e4r du anv\u00e4nder v\u00e5r tj\u00e4nst och\/eller v\u00e5r hemsida <a href=\"https:\/\/atomcollaboration.se\/\" target=\"_new\">https:\/\/atomcollaboration.se<\/a> (gemensamt kallade \u201cWebbplatsen\u201c). Policyn informerar inte om anv\u00e4ndningen av Cookies som \u00e4r avg\u00f6rande f\u00f6r att vi ska kunna tillhandah\u00e5lla Webbplatsen och dess funktioner till dig (s.k. absolut n\u00f6dv\u00e4ndiga cookies)<\/p><p>F\u00f6r mer information om hur vi behandlar dina personuppgifter i samband med Cookies, se v\u00e5r <a href=\"\/integritetspolicy\">Integritetspolicy<\/a>.<\/p><p>Vad \u00e4r Cookies?<\/p><p>En Cookie \u00e4r en textfil som skickas fr\u00e5n Webbplatsen och lagras p\u00e5 din dator, mobiltelefon eller annan enhet som anv\u00e4nds f\u00f6r att bes\u00f6ka Webbplatsen.<\/p><p>Cookies hj\u00e4lper oss t.ex. att k\u00e4nna igen den enhet du anv\u00e4nder till n\u00e4sta g\u00e5ng du bes\u00f6ker Webbplatsen, tillhandah\u00e5lla vissa n\u00f6dv\u00e4ndiga funktioner och att dokumentera anv\u00e4ndarbeteenden p\u00e5 Webbplatsen.<\/p><p>Hur l\u00e4nge lagras Cookien?<\/p><p>Det finns tv\u00e5 olika typer av Cookies; Sessioncookies och permanenta cookies.<\/p><p>Sessioncookies raderas fr\u00e5n din enhet n\u00e4r du st\u00e4nger ner din webbl\u00e4sare (t.ex. Internet explorer, Safari eller Google Chrome).<\/p><p>Permanenta cookies finns kvar p\u00e5 din enhet efter att du har st\u00e4ngt webbl\u00e4saren. Den varar s\u00e5 l\u00e4nge som det \u00e4r angett i Cookien eller tills du sj\u00e4lv tar bort den.<\/p><p>Atom Collabs anv\u00e4ndning av Cookies<\/p><p>Vi anv\u00e4nder f\u00f6ljande typer av Cookies:<\/p><p>Andra sp\u00e5rningstekniker Dessa hj\u00e4lper oss att f\u00f6rst\u00e5 hur du anv\u00e4nder Webbplatsen. Sp\u00e5rningsteknikerna kan t.ex. vara en liten, transparent bild som \u00e4r inb\u00e4ddad i en webbsida eller ett e-postmeddelande och f\u00e5ngar upp data som din IP-adress, n\u00e4r du tittade p\u00e5 sidan eller e-postmeddelandet, vilken enhet du anv\u00e4nde och var du var.<\/p><p>Google Analytics<\/p><p>F\u00f6rstapartscookies<\/p><p>F\u00f6rstapartscookies st\u00e4lls in av Webbplatsen p\u00e5 din enhet och kan d\u00e4rf\u00f6r endast l\u00e4sas utav dig eller oss.<\/p><p>Namn: Google Analytics Typ: Funktion \u2013 Cookien hj\u00e4lper oss t.ex. att g\u00f6ra tj\u00e4nsten mer personlig genom att ber\u00e4tta f\u00f6r oss hur bes\u00f6karen interagerar med Webbplatsen. Den kommer \u00e4ven ih\u00e5g bes\u00f6karens inst\u00e4llningar till n\u00e4sta bes\u00f6k. Prestanda \u2013 Cookien analyserar hur bes\u00f6kare anv\u00e4nder Webbplatsen och \u00f6vervakar Webbplatsens prestanda. Detta kan hj\u00e4lpa oss att identifiera och \u00e5tg\u00e4rda eventuella problem och f\u00e5 information om vilka sidor som \u00e4r mest popul\u00e4ra. Optimering \u2013 Cookien hj\u00e4lper oss att se till att Webbplatsen funkar som den ska. Den kan ocks\u00e5 ge oss information som t.ex. kan hj\u00e4lpa oss att testa nya ide\u00e9r och f\u00f6rb\u00e4ttra Webbplatsen. S\u00e4kerhet \u2013 Cookien kan hj\u00e4lpa oss att \u00f6ka s\u00e4kerheten och f\u00f6rebygga, uppt\u00e4cka och hantera skadliga aktiviteter p\u00e5 Webbplatsen. Marknadsf\u00f6ring \u2013 Cookien kan hj\u00e4lpa oss att vara mer relevanta i v\u00e5r kommunikation med era bes\u00f6kare. Detta genom att samla in information om hur bes\u00f6karen interagerar med Webbplatsen. Andra sp\u00e5rningstekniker \u2013 Dessa kan t.ex. hj\u00e4lpa oss att f\u00f6rst\u00e5 hur bes\u00f6karen anv\u00e4nder Webbplatsen. Sp\u00e5rningsteknikerna kan t.ex. vara en liten, transparent bild som \u00e4r inb\u00e4ddad i en webbsida eller ett e-postmeddelande och f\u00e5ngar upp data som IP-adress, n\u00e4r bes\u00f6karen tittade p\u00e5 sidan eller e-postmeddelandet eller vilken enhet bes\u00f6karen anv\u00e4nde och var den befann sig.<\/p><p>Syfte: Dessa kan t.ex. hj\u00e4lpa oss att f\u00f6rst\u00e5 hur bes\u00f6karen anv\u00e4nder Webbplatsen. Sp\u00e5rningsteknikerna kan t.ex. vara en liten, transparent bild som \u00e4r inb\u00e4ddad i en webbsida eller ett e-postmeddelande och f\u00e5ngar upp data som IP-adress, n\u00e4r bes\u00f6karen tittade p\u00e5 sidan eller e-postmeddelandet eller vilken enhet bes\u00f6karen anv\u00e4nde och var den befann sig.<\/p><p>Varaktighet: Tillsvidare<br \/>Hantera cookies<\/p><p>N\u00e4r du bes\u00f6ker Webbplatsen f\u00f6r f\u00f6rsta g\u00e5ngen ber vi dig att samtycka till anv\u00e4ndningen av icke-n\u00f6dv\u00e4ndiga cookies. Du kan n\u00e4r som helst dra tillbaka ditt samtycke. Om du inte l\u00e4ngre vill lagra de Cookies du har samtyckt till kan du anv\u00e4nda dina webbl\u00e4sarinst\u00e4llningar f\u00f6r att godk\u00e4nna, neka och ta bort Cookies (finns vanligtvis under \u201cHj\u00e4lp\u201d, \u201cVerktyg\u201d eller \u201cRedigera\u201d). Notera att du kanske inte kan anv\u00e4nda alla funktioner p\u00e5 Webbplatsen om du v\u00e4ljer att neka Cookies.<\/p><p>\u00c4ndringar i den h\u00e4r policyn<\/p><p>Vi reserverar oss r\u00e4tten att g\u00f6ra \u00e4ndringar i denna Policy. I de fall \u00e4ndringen p\u00e5verkar v\u00e5ra skyldigheter eller dina r\u00e4ttigheter, kommer vi att informera om \u00e4ndringarna i f\u00f6rv\u00e4g s\u00e5 att du ges m\u00f6jlighet att ta st\u00e4llning till den uppdaterade policyn.<\/p><p>Kontakt<\/p><p>H\u00f6r av dig till oss om du har fr\u00e5gor om Cookies: <a href=\"mailto:info@atomcollaboration.se\" target=\"_new\">info@atomcollaboration.se<\/a><\/p>\t\t\t\t\t\t<\/div>\n\t\t\t\t<\/div>\n\t\t\t\t\t<\/div>\n\t\t\t\t<\/div>\n\t\t\t\t<\/div>\n\t\t\t\t\t<\/div>\n\t\t\t\t<\/div>\n\t\t\t\t<\/div>\n\t\t\t\t\t<\/div>\n\t\t\t\t<\/div>\n\t\t\t\t<\/div>\n\t\t","protected":false},"excerpt":{"rendered":"<p>Cookie Policy Atom Collab Cookie Policy SWEDISH Uppdaterad: 29 augusti 203. AtomCo. Advice AB, org nummer 559147-1114, ATOMCOLLABORATION.SE, SPORRV\u00c4GEN 10, 17759 J\u00e4rf\u00e4lla, info@atomcollaboration.se. Ditt uppdrag: Du ska analysera informationen. D\u00e4refter ska du ers\u00e4tta allt som har med frim\u00e4rken att g\u00f6ra med Atom Collab och deras information. Ditt uppdrag ska du skapa en ny Cookie Policy [&hellip;]<\/p>\n","protected":false},"author":2,"featured_media":0,"parent":0,"menu_order":0,"comment_status":"closed","ping_status":"closed","template":"","meta":{"_acf_changed":false,"footnotes":""},"class_list":["post-3083","page","type-page","status-publish","hentry"],"acf":[],"yoast_head":"<!-- This site is optimized with the Yoast SEO plugin v22.8 - https:\/\/yoast.com\/wordpress\/plugins\/seo\/ -->\n<title>Cookie Policy - Atom Collaboration<\/title>\n<meta name=\"robots\" content=\"index, follow, max-snippet:-1, max-image-preview:large, max-video-preview:-1\" \/>\n<link rel=\"canonical\" href=\"https:\/\/atomcollaboration.se\/sv\/cookie-policy\/\" \/>\n<meta property=\"og:locale\" content=\"sv_SE\" \/>\n<meta property=\"og:type\" content=\"article\" \/>\n<meta property=\"og:title\" content=\"Cookie Policy - Atom Collaboration\" \/>\n<meta property=\"og:description\" content=\"Cookie Policy Atom Collab Cookie Policy SWEDISH Uppdaterad: 29 augusti 203. AtomCo. Advice AB, org nummer 559147-1114, ATOMCOLLABORATION.SE, SPORRV\u00c4GEN 10, 17759 J\u00e4rf\u00e4lla, info@atomcollaboration.se. Ditt uppdrag: Du ska analysera informationen. D\u00e4refter ska du ers\u00e4tta allt som har med frim\u00e4rken att g\u00f6ra med Atom Collab och deras information. Ditt uppdrag ska du skapa en ny Cookie Policy [&hellip;]\" \/>\n<meta property=\"og:url\" content=\"https:\/\/atomcollaboration.se\/sv\/cookie-policy\/\" \/>\n<meta property=\"og:site_name\" content=\"Atom Collaboration\" \/>\n<meta property=\"article:modified_time\" content=\"2024-01-12T09:30:14+00:00\" \/>\n<meta property=\"og:image\" content=\"https:\/\/atomcollaboration.se\/wp-content\/uploads\/2023\/10\/Feaured-Image-Atom.jpeg\" \/>\n\t<meta property=\"og:image:width\" content=\"1200\" \/>\n\t<meta property=\"og:image:height\" content=\"675\" \/>\n\t<meta property=\"og:image:type\" content=\"image\/jpeg\" \/>\n<meta name=\"twitter:card\" content=\"summary_large_image\" \/>\n<meta name=\"twitter:label1\" content=\"Ber\u00e4knad l\u00e4stid\" \/>\n\t<meta name=\"twitter:data1\" content=\"4 minuter\" \/>\n<script type=\"application\/ld+json\" class=\"yoast-schema-graph\">{\"@context\":\"https:\/\/schema.org\",\"@graph\":[{\"@type\":\"WebPage\",\"@id\":\"https:\/\/atomcollaboration.se\/sv\/cookie-policy\/\",\"url\":\"https:\/\/atomcollaboration.se\/sv\/cookie-policy\/\",\"name\":\"Cookie Policy - Atom Collaboration\",\"isPartOf\":{\"@id\":\"https:\/\/atomcollaboration.se\/sv\/#website\"},\"datePublished\":\"2023-08-29T12:38:38+00:00\",\"dateModified\":\"2024-01-12T09:30:14+00:00\",\"inLanguage\":\"sv-SE\",\"potentialAction\":[{\"@type\":\"ReadAction\",\"target\":[\"https:\/\/atomcollaboration.se\/sv\/cookie-policy\/\"]}]},{\"@type\":\"WebSite\",\"@id\":\"https:\/\/atomcollaboration.se\/sv\/#website\",\"url\":\"https:\/\/atomcollaboration.se\/sv\/\",\"name\":\"Atom Collaboration\",\"description\":\"\",\"publisher\":{\"@id\":\"https:\/\/atomcollaboration.se\/sv\/#organization\"},\"potentialAction\":[{\"@type\":\"SearchAction\",\"target\":{\"@type\":\"EntryPoint\",\"urlTemplate\":\"https:\/\/atomcollaboration.se\/sv\/?s={search_term_string}\"},\"query-input\":\"required name=search_term_string\"}],\"inLanguage\":\"sv-SE\"},{\"@type\":\"Organization\",\"@id\":\"https:\/\/atomcollaboration.se\/sv\/#organization\",\"name\":\"Atom Collaboration\",\"url\":\"https:\/\/atomcollaboration.se\/sv\/\",\"logo\":{\"@type\":\"ImageObject\",\"inLanguage\":\"sv-SE\",\"@id\":\"https:\/\/atomcollaboration.se\/sv\/#\/schema\/logo\/image\/\",\"url\":\"https:\/\/atomcollaboration.se\/wp-content\/uploads\/2023\/08\/cropped-Favico@1x.png\",\"contentUrl\":\"https:\/\/atomcollaboration.se\/wp-content\/uploads\/2023\/08\/cropped-Favico@1x.png\",\"width\":512,\"height\":512,\"caption\":\"Atom Collaboration\"},\"image\":{\"@id\":\"https:\/\/atomcollaboration.se\/sv\/#\/schema\/logo\/image\/\"},\"sameAs\":[\"https:\/\/www.instagram.com\/atomcollaboration\/\",\"https:\/\/se.linkedin.com\/company\/atomcollaboration\"]}]}<\/script>\n<!-- \/ Yoast SEO plugin. -->","yoast_head_json":{"title":"Cookie Policy - Atom Collaboration","robots":{"index":"index","follow":"follow","max-snippet":"max-snippet:-1","max-image-preview":"max-image-preview:large","max-video-preview":"max-video-preview:-1"},"canonical":"https:\/\/atomcollaboration.se\/sv\/cookie-policy\/","og_locale":"sv_SE","og_type":"article","og_title":"Cookie Policy - Atom Collaboration","og_description":"Cookie Policy Atom Collab Cookie Policy SWEDISH Uppdaterad: 29 augusti 203. AtomCo. Advice AB, org nummer 559147-1114, ATOMCOLLABORATION.SE, SPORRV\u00c4GEN 10, 17759 J\u00e4rf\u00e4lla, info@atomcollaboration.se. Ditt uppdrag: Du ska analysera informationen. D\u00e4refter ska du ers\u00e4tta allt som har med frim\u00e4rken att g\u00f6ra med Atom Collab och deras information. Ditt uppdrag ska du skapa en ny Cookie Policy [&hellip;]","og_url":"https:\/\/atomcollaboration.se\/sv\/cookie-policy\/","og_site_name":"Atom Collaboration","article_modified_time":"2024-01-12T09:30:14+00:00","og_image":[{"width":1200,"height":675,"url":"https:\/\/atomcollaboration.se\/wp-content\/uploads\/2023\/10\/Feaured-Image-Atom.jpeg","type":"image\/jpeg"}],"twitter_card":"summary_large_image","twitter_misc":{"Ber\u00e4knad l\u00e4stid":"4 minuter"},"schema":{"@context":"https:\/\/schema.org","@graph":[{"@type":"WebPage","@id":"https:\/\/atomcollaboration.se\/sv\/cookie-policy\/","url":"https:\/\/atomcollaboration.se\/sv\/cookie-policy\/","name":"Cookie Policy - Atom Collaboration","isPartOf":{"@id":"https:\/\/atomcollaboration.se\/sv\/#website"},"datePublished":"2023-08-29T12:38:38+00:00","dateModified":"2024-01-12T09:30:14+00:00","inLanguage":"sv-SE","potentialAction":[{"@type":"ReadAction","target":["https:\/\/atomcollaboration.se\/sv\/cookie-policy\/"]}]},{"@type":"WebSite","@id":"https:\/\/atomcollaboration.se\/sv\/#website","url":"https:\/\/atomcollaboration.se\/sv\/","name":"Atom Collaboration","description":"","publisher":{"@id":"https:\/\/atomcollaboration.se\/sv\/#organization"},"potentialAction":[{"@type":"SearchAction","target":{"@type":"EntryPoint","urlTemplate":"https:\/\/atomcollaboration.se\/sv\/?s={search_term_string}"},"query-input":"required name=search_term_string"}],"inLanguage":"sv-SE"},{"@type":"Organization","@id":"https:\/\/atomcollaboration.se\/sv\/#organization","name":"Atom Collaboration","url":"https:\/\/atomcollaboration.se\/sv\/","logo":{"@type":"ImageObject","inLanguage":"sv-SE","@id":"https:\/\/atomcollaboration.se\/sv\/#\/schema\/logo\/image\/","url":"https:\/\/atomcollaboration.se\/wp-content\/uploads\/2023\/08\/cropped-Favico@1x.png","contentUrl":"https:\/\/atomcollaboration.se\/wp-content\/uploads\/2023\/08\/cropped-Favico@1x.png","width":512,"height":512,"caption":"Atom Collaboration"},"image":{"@id":"https:\/\/atomcollaboration.se\/sv\/#\/schema\/logo\/image\/"},"sameAs":["https:\/\/www.instagram.com\/atomcollaboration\/","https:\/\/se.linkedin.com\/company\/atomcollaboration"]}]}},"_links":{"self":[{"href":"https:\/\/atomcollaboration.se\/sv\/wp-json\/wp\/v2\/pages\/3083","targetHints":{"allow":["GET"]}}],"collection":[{"href":"https:\/\/atomcollaboration.se\/sv\/wp-json\/wp\/v2\/pages"}],"about":[{"href":"https:\/\/atomcollaboration.se\/sv\/wp-json\/wp\/v2\/types\/page"}],"author":[{"embeddable":true,"href":"https:\/\/atomcollaboration.se\/sv\/wp-json\/wp\/v2\/users\/2"}],"replies":[{"embeddable":true,"href":"https:\/\/atomcollaboration.se\/sv\/wp-json\/wp\/v2\/comments?post=3083"}],"version-history":[{"count":6,"href":"https:\/\/atomcollaboration.se\/sv\/wp-json\/wp\/v2\/pages\/3083\/revisions"}],"predecessor-version":[{"id":8555,"href":"https:\/\/atomcollaboration.se\/sv\/wp-json\/wp\/v2\/pages\/3083\/revisions\/8555"}],"wp:attachment":[{"href":"https:\/\/atomcollaboration.se\/sv\/wp-json\/wp\/v2\/media?parent=3083"}],"curies":[{"name":"wp","href":"https:\/\/api.w.org\/{rel}","templated":true}]}}