{"id":5351,"date":"2023-11-02T10:32:19","date_gmt":"2023-11-02T10:32:19","guid":{"rendered":"https:\/\/atomcollaboration.se\/?page_id=5351"},"modified":"2024-01-12T10:47:25","modified_gmt":"2024-01-12T10:47:25","slug":"kopvillkor","status":"publish","type":"page","link":"https:\/\/atomcollaboration.se\/sv\/kopvillkor\/","title":{"rendered":"K\u00f6pvillkor"},"content":{"rendered":"\t\t<div data-elementor-type=\"wp-page\" data-elementor-id=\"5351\" class=\"elementor elementor-5351\" data-elementor-post-type=\"page\">\n\t\t\t\t<div class=\"elementor-element elementor-element-a15707d blogs e-flex e-con-boxed e-con e-parent\" data-id=\"a15707d\" data-element_type=\"container\">\n\t\t\t\t\t<div class=\"e-con-inner\">\n\t\t<div class=\"elementor-element elementor-element-682f2b2 e-con-full e-flex e-con e-child\" data-id=\"682f2b2\" data-element_type=\"container\" data-settings=\"{&quot;background_background&quot;:&quot;classic&quot;}\">\n\t\t<div class=\"elementor-element elementor-element-ee6e17f e-flex e-con-boxed e-con e-child\" data-id=\"ee6e17f\" data-element_type=\"container\" data-settings=\"{&quot;background_background&quot;:&quot;classic&quot;}\">\n\t\t\t\t\t<div class=\"e-con-inner\">\n\t\t\t\t<div class=\"elementor-element elementor-element-78dedcf elementor-invisible elementor-widget elementor-widget-heading\" data-id=\"78dedcf\" data-element_type=\"widget\" data-settings=\"{&quot;_animation&quot;:&quot;fadeInLeft&quot;,&quot;_animation_delay&quot;:150}\" data-widget_type=\"heading.default\">\n\t\t\t\t<div class=\"elementor-widget-container\">\n\t\t\t<style>\/*! elementor - v3.21.0 - 26-05-2024 *\/\n.elementor-heading-title{padding:0;margin:0;line-height:1}.elementor-widget-heading .elementor-heading-title[class*=elementor-size-]>a{color:inherit;font-size:inherit;line-height:inherit}.elementor-widget-heading .elementor-heading-title.elementor-size-small{font-size:15px}.elementor-widget-heading .elementor-heading-title.elementor-size-medium{font-size:19px}.elementor-widget-heading .elementor-heading-title.elementor-size-large{font-size:29px}.elementor-widget-heading .elementor-heading-title.elementor-size-xl{font-size:39px}.elementor-widget-heading .elementor-heading-title.elementor-size-xxl{font-size:59px}<\/style><h1 class=\"elementor-heading-title elementor-size-default\">K\u00f6pvillkor<\/h1>\t\t<\/div>\n\t\t\t\t<\/div>\n\t\t\t\t\t<\/div>\n\t\t\t\t<\/div>\n\t\t<div class=\"elementor-element elementor-element-17be24c e-flex e-con-boxed e-con e-child\" data-id=\"17be24c\" data-element_type=\"container\">\n\t\t\t\t\t<div class=\"e-con-inner\">\n\t\t<div class=\"elementor-element elementor-element-28e58cd e-con-full e-flex e-con e-child\" data-id=\"28e58cd\" data-element_type=\"container\">\n\t\t\t\t<div class=\"elementor-element elementor-element-e78caed elementor-widget elementor-widget-heading\" data-id=\"e78caed\" data-element_type=\"widget\" data-settings=\"{&quot;sticky&quot;:&quot;top&quot;,&quot;sticky_offset&quot;:250,&quot;sticky_parent&quot;:&quot;yes&quot;,&quot;sticky_on&quot;:[&quot;desktop&quot;,&quot;tablet&quot;,&quot;mobile&quot;],&quot;sticky_effects_offset&quot;:0}\" data-widget_type=\"heading.default\">\n\t\t\t\t<div class=\"elementor-widget-container\">\n\t\t\t<h2 class=\"elementor-heading-title elementor-size-default\">Atom Collab k\u00f6pvillkor<\/h2>\t\t<\/div>\n\t\t\t\t<\/div>\n\t\t\t\t<\/div>\n\t\t<div class=\"elementor-element elementor-element-3885c5e e-con-full e-flex e-con e-child\" data-id=\"3885c5e\" data-element_type=\"container\">\n\t\t<div class=\"elementor-element elementor-element-7aaf414 e-flex e-con-boxed e-con e-child\" data-id=\"7aaf414\" data-element_type=\"container\">\n\t\t\t\t\t<div class=\"e-con-inner\">\n\t\t\t\t<div class=\"elementor-element elementor-element-9238e00 elementor-widget elementor-widget-text-editor\" data-id=\"9238e00\" data-element_type=\"widget\" data-widget_type=\"text-editor.default\">\n\t\t\t\t<div class=\"elementor-widget-container\">\n\t\t\t<style>\/*! elementor - v3.21.0 - 26-05-2024 *\/\n.elementor-widget-text-editor.elementor-drop-cap-view-stacked .elementor-drop-cap{background-color:#69727d;color:#fff}.elementor-widget-text-editor.elementor-drop-cap-view-framed .elementor-drop-cap{color:#69727d;border:3px solid;background-color:transparent}.elementor-widget-text-editor:not(.elementor-drop-cap-view-default) .elementor-drop-cap{margin-top:8px}.elementor-widget-text-editor:not(.elementor-drop-cap-view-default) .elementor-drop-cap-letter{width:1em;height:1em}.elementor-widget-text-editor .elementor-drop-cap{float:left;text-align:center;line-height:1;font-size:50px}.elementor-widget-text-editor .elementor-drop-cap-letter{display:inline-block}<\/style>\t\t\t\t<p><b>SWEDISH<br>Uppdaterad: 2 november 2023.<\/b><\/p>\n<p><b>1. Allm\u00e4nna villkor<\/b><\/p>\n<p>Dessa k\u00f6pvillkor (&#8220;Villkoren&#8221;) g\u00e4ller f\u00f6r alla k\u00f6p som g\u00f6rs fr\u00e5n AtomCo. Advice AB (organisationsnummer 559147-1114), med bes\u00f6ksadress Atom Collab Epicenter Stockholm, M\u00e4ster Samuelsgatan 36, 111 57 Stockholm (&#8220;Atom Collab&#8221;). Genom att genomf\u00f6ra ett k\u00f6p fr\u00e5n Atom Collab, bekr\u00e4ftar du att du har l\u00e4st, f\u00f6rst\u00e5tt och godk\u00e4nt dessa Villkor.<\/p>\n<p><b>2. Betalningsvillkor<\/b><\/p>\n<p>Kunder kan v\u00e4lja att betala med kort genom Stripe eller via faktura. Vid betalning via faktura ska betalningen vara Atom Collab tillhanda inom 30 dagar fr\u00e5n fakturadatum, om inget annat \u00f6verenskommits.<\/p>\n<p><b>3. Leverans och Tillg\u00e4nglighet<\/b><\/p>\n<p>Digitala produkter blir tillg\u00e4ngliga f\u00f6r nedladdning s\u00e5 snart betalningen \u00e4r genomf\u00f6rd. Produkterna levereras i olika format, exempelvis PDF, ZIP eller SharePoint. F\u00f6r fysiska kurser med tillh\u00f6rande digitala tj\u00e4nster, fastst\u00e4lls det fysiska momentet genom direkt \u00f6verenskommelse mellan Atom och kunden. Nedladdningsl\u00e4nkar f\u00f6r digitala filer skickas via e-post.<\/p>\n<p><b>4. Anv\u00e4ndarlicenser och Begr\u00e4nsningar<\/b><\/p>\n<p>Varje k\u00f6p av digital produkt inneb\u00e4r en licens f\u00f6r anv\u00e4ndning av en individ inom er organisation. Vidaref\u00f6rs\u00e4ljning eller otill\u00e5ten distribution av filerna \u00e4r f\u00f6rbjuden. Vid anv\u00e4ndning av filerna av flera individer inom samma organisation, kr\u00e4vs ytterligare licenser.<\/p>\n<p><b>5. \u00c5terbetalning och Avbokning<\/b><\/p>\n<p>\u00c5terbetalning erbjuds inte. Om filerna \u00e4r defekta eller l\u00e4nkarna inte fungerar, kommer v\u00e5r support att bist\u00e5 med korrekta filer. Avbokningar av workshops debiteras enligt \u00f6verenskommelse mellan parterna. Vi str\u00e4var efter r\u00e4ttvisa och rimliga avbokningsvillkor.<\/p>\n<p><b>6. Sekretess och Dataskydd<\/b><\/p>\n<p>Vi hanterar alla kunduppgifter i enlighet med v\u00e5r integritetspolicy och g\u00e4llande dataskyddslagar, inklusive GDPR. V\u00e5r integritetspolicy finns tillg\u00e4nglig p\u00e5 v\u00e5r webbplats.<\/p>\n<p><b>7. Ansvarsbegr\u00e4nsning<\/b><\/p>\n<p>Vi str\u00e4var efter att v\u00e5ra produkter ska vara av h\u00f6g kvalitet och relevanta f\u00f6r er verksamhet. Vi garanterar dock inte att produkterna kommer att uppfylla alla specifika krav eller att de \u00e4r felfria.<\/p>\n<p><strong>8.&nbsp;<span style=\"text-align: var(--text-align);\">Underleverant\u00f6rer och tredjepartstj\u00e4nster<\/span><\/strong><\/p>\n<p>F\u00f6r att tillhandah\u00e5lla vissa tj\u00e4nster, s\u00e5som hosting av kurser och enk\u00e4ter, kan Atom Collab anv\u00e4nda sig av underleverant\u00f6rer. Skillboost Europe AB (&#8220;Skillboost&#8221;) \u00e4r en s\u00e5dan partner som vi anlitar f\u00f6r att s\u00e4kerst\u00e4lla h\u00f6gsta m\u00f6jliga kvalitet och tillg\u00e4nglighet p\u00e5 v\u00e5ra tj\u00e4nster. Vid anv\u00e4ndning av tj\u00e4nster som hostas av Skillboost godk\u00e4nner du \u00e4ven deras anv\u00e4ndarvillkor och s\u00e4kerhetsprotokoll.<\/p>\n<p>S\u00e4kerhetsdokumentation och ytterligare information om hur Skillboost hanterar och skyddar dina data kan hittas p\u00e5 deras webbplats via f\u00f6ljande l\u00e4nk: <a href=\"https:\/\/academy.skillboost.io\/activity\/98a165c5-af21-41ff-8788-d6eafa15b8fc\" target=\"_blank\" rel=\"noopener\">https:\/\/academy.skillboost.io\/activity\/98a165c5-af21-41ff-8788-d6eafa15b8fc<\/a><\/p>\n<p><b>9. Tvistl\u00f6sning<\/b><\/p>\n<p>Vi str\u00e4var efter att l\u00f6sa eventuella tvister genom direkt kommunikation. Om tvisten inte kan l\u00f6sas, kan en oberoende medlare involveras. Om tvisten fortfarande inte kan l\u00f6sas, ska \u00e4rendet \u00f6verl\u00e4mnas till Tingsr\u00e4tten i Stockholm.<\/p>\n<p><b>10. \u00c4ndringar av Villkor<\/b><\/p>\n<p>Vi f\u00f6rbeh\u00e5ller oss r\u00e4tten att g\u00f6ra \u00e4ndringar i dessa Villkor. Alla \u00e4ndringar kommer att kommuniceras p\u00e5 v\u00e5r webbplats och g\u00e4ller fr\u00e5n och med det datum de publiceras.<\/p>\n<p><b>11. Lagval och Jurisdiktion<\/b><\/p>\n<p>Dessa Villkor ska tolkas och till\u00e4mpas i enlighet med svensk lag. Eventuella tvister som uppst\u00e5r ur dessa Villkor ska avg\u00f6ras enligt svensk lag och av svensk domstol.<\/p>\n<p><b>12. Kontaktinformation<\/b><\/p>\n<p>F\u00f6r fr\u00e5gor eller ytterligare information, v\u00e4nligen kontakta:<\/p>\n<ul>\n<li>E-post: <a href=\"mailto:louise.papuciu@atomcollaboration.se\">louise.papuciu@atomcollaboration.se<\/a><\/li>\n<li>Bes\u00f6ksadress: Atom Collab Epicenter Stockholm, M\u00e4ster Samuelsgatan 36, 111 57 Stockholm<\/li>\n<\/ul>\t\t\t\t\t\t<\/div>\n\t\t\t\t<\/div>\n\t\t\t\t\t<\/div>\n\t\t\t\t<\/div>\n\t\t\t\t<\/div>\n\t\t\t\t\t<\/div>\n\t\t\t\t<\/div>\n\t\t\t\t<\/div>\n\t\t\t\t\t<\/div>\n\t\t\t\t<\/div>\n\t\t\t\t<\/div>\n\t\t","protected":false},"excerpt":{"rendered":"<p>K\u00f6pvillkor Atom Collab k\u00f6pvillkor SWEDISHUppdaterad: 2 november 2023. 1. Allm\u00e4nna villkor Dessa k\u00f6pvillkor (&#8220;Villkoren&#8221;) g\u00e4ller f\u00f6r alla k\u00f6p som g\u00f6rs fr\u00e5n AtomCo. Advice AB (organisationsnummer 559147-1114), med bes\u00f6ksadress Atom Collab Epicenter Stockholm, M\u00e4ster Samuelsgatan 36, 111 57 Stockholm (&#8220;Atom Collab&#8221;). Genom att genomf\u00f6ra ett k\u00f6p fr\u00e5n Atom Collab, bekr\u00e4ftar du att du har l\u00e4st, f\u00f6rst\u00e5tt [&hellip;]<\/p>\n","protected":false},"author":2,"featured_media":0,"parent":0,"menu_order":0,"comment_status":"closed","ping_status":"closed","template":"","meta":{"_acf_changed":false,"footnotes":""},"class_list":["post-5351","page","type-page","status-publish","hentry"],"acf":[],"yoast_head":"<!-- This site is optimized with the Yoast SEO plugin v22.8 - https:\/\/yoast.com\/wordpress\/plugins\/seo\/ -->\n<title>K\u00f6pvillkor - Atom Collaboration<\/title>\n<meta name=\"description\" content=\"Atom Collab k\u00f6pvillkor\" \/>\n<meta name=\"robots\" content=\"index, follow, max-snippet:-1, max-image-preview:large, max-video-preview:-1\" \/>\n<link rel=\"canonical\" href=\"https:\/\/atomcollaboration.se\/sv\/kopvillkor\/\" \/>\n<meta property=\"og:locale\" content=\"sv_SE\" \/>\n<meta property=\"og:type\" content=\"article\" \/>\n<meta property=\"og:title\" content=\"K\u00f6pvillkor - Atom Collaboration\" \/>\n<meta property=\"og:description\" content=\"Atom Collab k\u00f6pvillkor\" \/>\n<meta property=\"og:url\" content=\"https:\/\/atomcollaboration.se\/sv\/kopvillkor\/\" \/>\n<meta property=\"og:site_name\" content=\"Atom Collaboration\" \/>\n<meta property=\"article:modified_time\" content=\"2024-01-12T10:47:25+00:00\" \/>\n<meta property=\"og:image\" content=\"https:\/\/atomcollaboration.se\/wp-content\/uploads\/2023\/10\/Feaured-Image-Atom.jpeg\" \/>\n\t<meta property=\"og:image:width\" content=\"1200\" \/>\n\t<meta property=\"og:image:height\" content=\"675\" \/>\n\t<meta property=\"og:image:type\" content=\"image\/jpeg\" \/>\n<meta name=\"twitter:card\" content=\"summary_large_image\" \/>\n<meta name=\"twitter:label1\" content=\"Ber\u00e4knad l\u00e4stid\" \/>\n\t<meta name=\"twitter:data1\" content=\"3 minuter\" \/>\n<script type=\"application\/ld+json\" class=\"yoast-schema-graph\">{\"@context\":\"https:\/\/schema.org\",\"@graph\":[{\"@type\":\"WebPage\",\"@id\":\"https:\/\/atomcollaboration.se\/sv\/kopvillkor\/\",\"url\":\"https:\/\/atomcollaboration.se\/sv\/kopvillkor\/\",\"name\":\"K\u00f6pvillkor - Atom Collaboration\",\"isPartOf\":{\"@id\":\"https:\/\/atomcollaboration.se\/sv\/#website\"},\"datePublished\":\"2023-11-02T10:32:19+00:00\",\"dateModified\":\"2024-01-12T10:47:25+00:00\",\"description\":\"Atom Collab k\u00f6pvillkor\",\"inLanguage\":\"sv-SE\",\"potentialAction\":[{\"@type\":\"ReadAction\",\"target\":[\"https:\/\/atomcollaboration.se\/sv\/kopvillkor\/\"]}]},{\"@type\":\"WebSite\",\"@id\":\"https:\/\/atomcollaboration.se\/sv\/#website\",\"url\":\"https:\/\/atomcollaboration.se\/sv\/\",\"name\":\"Atom Collaboration\",\"description\":\"\",\"publisher\":{\"@id\":\"https:\/\/atomcollaboration.se\/sv\/#organization\"},\"potentialAction\":[{\"@type\":\"SearchAction\",\"target\":{\"@type\":\"EntryPoint\",\"urlTemplate\":\"https:\/\/atomcollaboration.se\/sv\/?s={search_term_string}\"},\"query-input\":\"required name=search_term_string\"}],\"inLanguage\":\"sv-SE\"},{\"@type\":\"Organization\",\"@id\":\"https:\/\/atomcollaboration.se\/sv\/#organization\",\"name\":\"Atom Collaboration\",\"url\":\"https:\/\/atomcollaboration.se\/sv\/\",\"logo\":{\"@type\":\"ImageObject\",\"inLanguage\":\"sv-SE\",\"@id\":\"https:\/\/atomcollaboration.se\/sv\/#\/schema\/logo\/image\/\",\"url\":\"https:\/\/atomcollaboration.se\/wp-content\/uploads\/2023\/08\/cropped-Favico@1x.png\",\"contentUrl\":\"https:\/\/atomcollaboration.se\/wp-content\/uploads\/2023\/08\/cropped-Favico@1x.png\",\"width\":512,\"height\":512,\"caption\":\"Atom Collaboration\"},\"image\":{\"@id\":\"https:\/\/atomcollaboration.se\/sv\/#\/schema\/logo\/image\/\"},\"sameAs\":[\"https:\/\/www.instagram.com\/atomcollaboration\/\",\"https:\/\/se.linkedin.com\/company\/atomcollaboration\"]}]}<\/script>\n<!-- \/ Yoast SEO plugin. -->","yoast_head_json":{"title":"K\u00f6pvillkor - Atom Collaboration","description":"Atom Collab k\u00f6pvillkor","robots":{"index":"index","follow":"follow","max-snippet":"max-snippet:-1","max-image-preview":"max-image-preview:large","max-video-preview":"max-video-preview:-1"},"canonical":"https:\/\/atomcollaboration.se\/sv\/kopvillkor\/","og_locale":"sv_SE","og_type":"article","og_title":"K\u00f6pvillkor - Atom Collaboration","og_description":"Atom Collab k\u00f6pvillkor","og_url":"https:\/\/atomcollaboration.se\/sv\/kopvillkor\/","og_site_name":"Atom Collaboration","article_modified_time":"2024-01-12T10:47:25+00:00","og_image":[{"width":1200,"height":675,"url":"https:\/\/atomcollaboration.se\/wp-content\/uploads\/2023\/10\/Feaured-Image-Atom.jpeg","type":"image\/jpeg"}],"twitter_card":"summary_large_image","twitter_misc":{"Ber\u00e4knad l\u00e4stid":"3 minuter"},"schema":{"@context":"https:\/\/schema.org","@graph":[{"@type":"WebPage","@id":"https:\/\/atomcollaboration.se\/sv\/kopvillkor\/","url":"https:\/\/atomcollaboration.se\/sv\/kopvillkor\/","name":"K\u00f6pvillkor - Atom Collaboration","isPartOf":{"@id":"https:\/\/atomcollaboration.se\/sv\/#website"},"datePublished":"2023-11-02T10:32:19+00:00","dateModified":"2024-01-12T10:47:25+00:00","description":"Atom Collab k\u00f6pvillkor","inLanguage":"sv-SE","potentialAction":[{"@type":"ReadAction","target":["https:\/\/atomcollaboration.se\/sv\/kopvillkor\/"]}]},{"@type":"WebSite","@id":"https:\/\/atomcollaboration.se\/sv\/#website","url":"https:\/\/atomcollaboration.se\/sv\/","name":"Atom Collaboration","description":"","publisher":{"@id":"https:\/\/atomcollaboration.se\/sv\/#organization"},"potentialAction":[{"@type":"SearchAction","target":{"@type":"EntryPoint","urlTemplate":"https:\/\/atomcollaboration.se\/sv\/?s={search_term_string}"},"query-input":"required name=search_term_string"}],"inLanguage":"sv-SE"},{"@type":"Organization","@id":"https:\/\/atomcollaboration.se\/sv\/#organization","name":"Atom Collaboration","url":"https:\/\/atomcollaboration.se\/sv\/","logo":{"@type":"ImageObject","inLanguage":"sv-SE","@id":"https:\/\/atomcollaboration.se\/sv\/#\/schema\/logo\/image\/","url":"https:\/\/atomcollaboration.se\/wp-content\/uploads\/2023\/08\/cropped-Favico@1x.png","contentUrl":"https:\/\/atomcollaboration.se\/wp-content\/uploads\/2023\/08\/cropped-Favico@1x.png","width":512,"height":512,"caption":"Atom Collaboration"},"image":{"@id":"https:\/\/atomcollaboration.se\/sv\/#\/schema\/logo\/image\/"},"sameAs":["https:\/\/www.instagram.com\/atomcollaboration\/","https:\/\/se.linkedin.com\/company\/atomcollaboration"]}]}},"_links":{"self":[{"href":"https:\/\/atomcollaboration.se\/sv\/wp-json\/wp\/v2\/pages\/5351","targetHints":{"allow":["GET"]}}],"collection":[{"href":"https:\/\/atomcollaboration.se\/sv\/wp-json\/wp\/v2\/pages"}],"about":[{"href":"https:\/\/atomcollaboration.se\/sv\/wp-json\/wp\/v2\/types\/page"}],"author":[{"embeddable":true,"href":"https:\/\/atomcollaboration.se\/sv\/wp-json\/wp\/v2\/users\/2"}],"replies":[{"embeddable":true,"href":"https:\/\/atomcollaboration.se\/sv\/wp-json\/wp\/v2\/comments?post=5351"}],"version-history":[{"count":10,"href":"https:\/\/atomcollaboration.se\/sv\/wp-json\/wp\/v2\/pages\/5351\/revisions"}],"predecessor-version":[{"id":5386,"href":"https:\/\/atomcollaboration.se\/sv\/wp-json\/wp\/v2\/pages\/5351\/revisions\/5386"}],"wp:attachment":[{"href":"https:\/\/atomcollaboration.se\/sv\/wp-json\/wp\/v2\/media?parent=5351"}],"curies":[{"name":"wp","href":"https:\/\/api.w.org\/{rel}","templated":true}]}}