{"id":6870,"date":"2024-02-27T10:02:37","date_gmt":"2024-02-27T10:02:37","guid":{"rendered":"https:\/\/atomcollaboration.se\/?page_id=6870"},"modified":"2026-02-20T07:38:59","modified_gmt":"2026-02-20T07:38:59","slug":"podcast","status":"publish","type":"page","link":"https:\/\/atomcollaboration.se\/sv\/podcast\/","title":{"rendered":"Podcast"},"content":{"rendered":"\t\t<div data-elementor-type=\"wp-page\" data-elementor-id=\"6870\" class=\"elementor elementor-6870\" data-elementor-post-type=\"page\">\n\t\t\t\t<div class=\"elementor-element elementor-element-6491c8f e-flex e-con-boxed e-con e-parent\" data-id=\"6491c8f\" data-element_type=\"container\" id=\"podcast-main\">\n\t\t\t\t\t<div class=\"e-con-inner\">\n\t\t<div class=\"elementor-element elementor-element-f970dc1 e-con-full e-flex e-con e-child\" data-id=\"f970dc1\" data-element_type=\"container\" id=\"podcast-hero\" data-settings=\"{&quot;background_background&quot;:&quot;classic&quot;}\">\n\t\t\t\t<div class=\"elementor-element elementor-element-3ab0ddd elementor-widget elementor-widget-heading\" data-id=\"3ab0ddd\" data-element_type=\"widget\" data-widget_type=\"heading.default\">\n\t\t\t\t<div class=\"elementor-widget-container\">\n\t\t\t<style>\/*! elementor - v3.21.0 - 26-05-2024 *\/\n.elementor-heading-title{padding:0;margin:0;line-height:1}.elementor-widget-heading .elementor-heading-title[class*=elementor-size-]>a{color:inherit;font-size:inherit;line-height:inherit}.elementor-widget-heading .elementor-heading-title.elementor-size-small{font-size:15px}.elementor-widget-heading .elementor-heading-title.elementor-size-medium{font-size:19px}.elementor-widget-heading .elementor-heading-title.elementor-size-large{font-size:29px}.elementor-widget-heading .elementor-heading-title.elementor-size-xl{font-size:39px}.elementor-widget-heading .elementor-heading-title.elementor-size-xxl{font-size:59px}<\/style><h1 class=\"elementor-heading-title elementor-size-default\">M\u00e5nadens <\/br> kompetensfr\u00e5ga\n<\/h1>\t\t<\/div>\n\t\t\t\t<\/div>\n\t\t\t\t<div class=\"elementor-element elementor-element-cfda08b elementor-widget elementor-widget-heading\" data-id=\"cfda08b\" data-element_type=\"widget\" data-widget_type=\"heading.default\">\n\t\t\t\t<div class=\"elementor-widget-container\">\n\t\t\t<h2 class=\"elementor-heading-title elementor-size-default\">En podcast av Atom Collaboration<\/h2>\t\t<\/div>\n\t\t\t\t<\/div>\n\t\t\t\t<\/div>\n\t\t<div class=\"elementor-element elementor-element-7273992 e-flex e-con-boxed e-con e-child\" data-id=\"7273992\" data-element_type=\"container\">\n\t\t\t\t\t<div class=\"e-con-inner\">\n\t\t\t\t<div class=\"elementor-element elementor-element-69a2cde elementor-widget elementor-widget-heading\" data-id=\"69a2cde\" data-element_type=\"widget\" data-widget_type=\"heading.default\">\n\t\t\t\t<div class=\"elementor-widget-container\">\n\t\t\t<h2 class=\"elementor-heading-title elementor-size-default\">Lyssna p\u00e5 det senaste avsnittet:<\/h2>\t\t<\/div>\n\t\t\t\t<\/div>\n\t\t\t\t<div class=\"elementor-element elementor-element-d6f2979 elementor-widget elementor-widget-liza-spotify-widget\" data-id=\"d6f2979\" data-element_type=\"widget\" data-widget_type=\"liza-spotify-widget.default\">\n\t\t\t\t<div class=\"elementor-widget-container\">\n\t\t\t            <iframe src=\"https:\/\/open.spotify.com\/embed\/show\/57DUim6MDCsFraiaaUGsZk?\" width=\"100%\" height=\"380\" frameBorder=\"0\" allowtransparency=\"true\" allow=\"encrypted-media\"><\/iframe>\n        \t\t<\/div>\n\t\t\t\t<\/div>\n\t\t\t\t\t<\/div>\n\t\t\t\t<\/div>\n\t\t<div class=\"elementor-element elementor-element-fd55b3c e-flex e-con-boxed e-con e-child\" data-id=\"fd55b3c\" data-element_type=\"container\">\n\t\t\t\t\t<div class=\"e-con-inner\">\n\t\t\t\t<div class=\"elementor-element elementor-element-a5b5b73 e-transform elementor-grid-3 elementor-grid-tablet-2 elementor-grid-mobile-1 elementor-widget elementor-widget-portfolio\" data-id=\"a5b5b73\" data-element_type=\"widget\" data-settings=\"{&quot;item_ratio&quot;:{&quot;unit&quot;:&quot;px&quot;,&quot;size&quot;:1,&quot;sizes&quot;:[]},&quot;row_gap&quot;:{&quot;unit&quot;:&quot;px&quot;,&quot;size&quot;:8,&quot;sizes&quot;:[]},&quot;columns&quot;:&quot;3&quot;,&quot;columns_tablet&quot;:&quot;2&quot;,&quot;columns_mobile&quot;:&quot;1&quot;,&quot;item_gap&quot;:{&quot;unit&quot;:&quot;px&quot;,&quot;size&quot;:&quot;&quot;,&quot;sizes&quot;:[]},&quot;_transform_scale_effect&quot;:{&quot;unit&quot;:&quot;px&quot;,&quot;size&quot;:&quot;&quot;,&quot;sizes&quot;:[]},&quot;_transform_scale_effect_tablet&quot;:{&quot;unit&quot;:&quot;px&quot;,&quot;size&quot;:&quot;&quot;,&quot;sizes&quot;:[]},&quot;_transform_scale_effect_mobile&quot;:{&quot;unit&quot;:&quot;px&quot;,&quot;size&quot;:&quot;&quot;,&quot;sizes&quot;:[]}}\" data-widget_type=\"portfolio.default\">\n\t\t\t\t<div class=\"elementor-widget-container\">\n\t\t\t<link rel=\"stylesheet\" href=\"https:\/\/atomcollaboration.se\/wp-content\/plugins\/elementor-pro\/assets\/css\/widget-posts.min.css\">\t\t<div class=\"elementor-portfolio elementor-grid elementor-posts-container\">\n\t\t\t\t<article class=\"elementor-portfolio-item elementor-post  post-8750 post type-post status-publish format-standard has-post-thumbnail hentry category-podcast\">\n\t\t\t<a class=\"elementor-post__thumbnail__link\" href=\"https:\/\/atomcollaboration.se\/sv\/podcast\/avsnitt-5\/\">\n\t\t\t\t<div class=\"elementor-portfolio-item__img elementor-post__thumbnail\">\n\t\t\t<img fetchpriority=\"high\" decoding=\"async\" width=\"800\" height=\"800\" src=\"https:\/\/atomcollaboration.se\/wp-content\/uploads\/2026\/02\/Avsnitt-5-1024x1024.png\" class=\"attachment-large size-large wp-image-8751\" alt=\"\" srcset=\"https:\/\/atomcollaboration.se\/wp-content\/uploads\/2026\/02\/Avsnitt-5-1024x1024.png 1024w, https:\/\/atomcollaboration.se\/wp-content\/uploads\/2026\/02\/Avsnitt-5-300x300.png 300w, https:\/\/atomcollaboration.se\/wp-content\/uploads\/2026\/02\/Avsnitt-5-150x150.png 150w, https:\/\/atomcollaboration.se\/wp-content\/uploads\/2026\/02\/Avsnitt-5-768x768.png 768w, https:\/\/atomcollaboration.se\/wp-content\/uploads\/2026\/02\/Avsnitt-5-1536x1536.png 1536w, https:\/\/atomcollaboration.se\/wp-content\/uploads\/2026\/02\/Avsnitt-5-600x600.png 600w, https:\/\/atomcollaboration.se\/wp-content\/uploads\/2026\/02\/Avsnitt-5-100x100.png 100w, https:\/\/atomcollaboration.se\/wp-content\/uploads\/2026\/02\/Avsnitt-5.png 2000w\" sizes=\"(max-width: 800px) 100vw, 800px\" \/>\t\t<\/div>\n\t\t\t\t<div class=\"elementor-portfolio-item__overlay\">\n\t\t\t\t<h3 class=\"elementor-portfolio-item__title\">\n\t\tAvsnitt 5\t\t<\/h3>\n\t\t\t\t<\/div>\n\t\t\t\t<\/a>\n\t\t<\/article>\n\t\t\t\t<article class=\"elementor-portfolio-item elementor-post  post-7946 post type-post status-publish format-standard has-post-thumbnail hentry category-podcast\">\n\t\t\t<a class=\"elementor-post__thumbnail__link\" href=\"https:\/\/atomcollaboration.se\/sv\/podcast\/avsnitt-4\/\">\n\t\t\t\t<div class=\"elementor-portfolio-item__img elementor-post__thumbnail\">\n\t\t\t<img decoding=\"async\" width=\"800\" height=\"800\" src=\"https:\/\/atomcollaboration.se\/wp-content\/uploads\/2024\/08\/Avsnitt4_Mathilda_Bradhe_svartvit.jpg\" class=\"attachment-large size-large wp-image-7972\" alt=\"\" srcset=\"https:\/\/atomcollaboration.se\/wp-content\/uploads\/2024\/08\/Avsnitt4_Mathilda_Bradhe_svartvit.jpg 1000w, https:\/\/atomcollaboration.se\/wp-content\/uploads\/2024\/08\/Avsnitt4_Mathilda_Bradhe_svartvit-300x300.jpg 300w, https:\/\/atomcollaboration.se\/wp-content\/uploads\/2024\/08\/Avsnitt4_Mathilda_Bradhe_svartvit-150x150.jpg 150w, https:\/\/atomcollaboration.se\/wp-content\/uploads\/2024\/08\/Avsnitt4_Mathilda_Bradhe_svartvit-768x768.jpg 768w, https:\/\/atomcollaboration.se\/wp-content\/uploads\/2024\/08\/Avsnitt4_Mathilda_Bradhe_svartvit-600x600.jpg 600w, https:\/\/atomcollaboration.se\/wp-content\/uploads\/2024\/08\/Avsnitt4_Mathilda_Bradhe_svartvit-100x100.jpg 100w\" sizes=\"(max-width: 800px) 100vw, 800px\" \/>\t\t<\/div>\n\t\t\t\t<div class=\"elementor-portfolio-item__overlay\">\n\t\t\t\t<h3 class=\"elementor-portfolio-item__title\">\n\t\tAvsnitt 4\t\t<\/h3>\n\t\t\t\t<\/div>\n\t\t\t\t<\/a>\n\t\t<\/article>\n\t\t\t\t<article class=\"elementor-portfolio-item elementor-post  post-7175 post type-post status-publish format-standard has-post-thumbnail hentry category-podcast\">\n\t\t\t<a class=\"elementor-post__thumbnail__link\" href=\"https:\/\/atomcollaboration.se\/sv\/podcast\/avsnitt-3\/\">\n\t\t\t\t<div class=\"elementor-portfolio-item__img elementor-post__thumbnail\">\n\t\t\t<img decoding=\"async\" width=\"773\" height=\"773\" src=\"https:\/\/atomcollaboration.se\/wp-content\/uploads\/2024\/04\/podcast-avsnitt-3.jpg\" class=\"attachment-large size-large wp-image-7166\" alt=\"Avsnitt 3\" srcset=\"https:\/\/atomcollaboration.se\/wp-content\/uploads\/2024\/04\/podcast-avsnitt-3.jpg 773w, https:\/\/atomcollaboration.se\/wp-content\/uploads\/2024\/04\/podcast-avsnitt-3-300x300.jpg 300w, https:\/\/atomcollaboration.se\/wp-content\/uploads\/2024\/04\/podcast-avsnitt-3-150x150.jpg 150w, https:\/\/atomcollaboration.se\/wp-content\/uploads\/2024\/04\/podcast-avsnitt-3-768x768.jpg 768w, https:\/\/atomcollaboration.se\/wp-content\/uploads\/2024\/04\/podcast-avsnitt-3-600x600.jpg 600w, https:\/\/atomcollaboration.se\/wp-content\/uploads\/2024\/04\/podcast-avsnitt-3-100x100.jpg 100w\" sizes=\"(max-width: 773px) 100vw, 773px\" \/>\t\t<\/div>\n\t\t\t\t<div class=\"elementor-portfolio-item__overlay\">\n\t\t\t\t<h3 class=\"elementor-portfolio-item__title\">\n\t\tAvsnitt 3\t\t<\/h3>\n\t\t\t\t<\/div>\n\t\t\t\t<\/a>\n\t\t<\/article>\n\t\t\t\t<article class=\"elementor-portfolio-item elementor-post  post-6922 post type-post status-publish format-standard has-post-thumbnail hentry category-podcast\">\n\t\t\t<a class=\"elementor-post__thumbnail__link\" href=\"https:\/\/atomcollaboration.se\/sv\/podcast\/avsnitt-2\/\">\n\t\t\t\t<div class=\"elementor-portfolio-item__img elementor-post__thumbnail\">\n\t\t\t<img loading=\"lazy\" decoding=\"async\" width=\"750\" height=\"750\" src=\"https:\/\/atomcollaboration.se\/wp-content\/uploads\/2024\/02\/Avsnitt-2-Mangfald-inkludering-utifran-affarsnytta.jpg\" class=\"attachment-large size-large wp-image-6923\" alt=\"Podcast avsnitt\" srcset=\"https:\/\/atomcollaboration.se\/wp-content\/uploads\/2024\/02\/Avsnitt-2-Mangfald-inkludering-utifran-affarsnytta.jpg 750w, https:\/\/atomcollaboration.se\/wp-content\/uploads\/2024\/02\/Avsnitt-2-Mangfald-inkludering-utifran-affarsnytta-300x300.jpg 300w, https:\/\/atomcollaboration.se\/wp-content\/uploads\/2024\/02\/Avsnitt-2-Mangfald-inkludering-utifran-affarsnytta-150x150.jpg 150w, https:\/\/atomcollaboration.se\/wp-content\/uploads\/2024\/02\/Avsnitt-2-Mangfald-inkludering-utifran-affarsnytta-600x600.jpg 600w, https:\/\/atomcollaboration.se\/wp-content\/uploads\/2024\/02\/Avsnitt-2-Mangfald-inkludering-utifran-affarsnytta-100x100.jpg 100w\" sizes=\"(max-width: 750px) 100vw, 750px\" \/>\t\t<\/div>\n\t\t\t\t<div class=\"elementor-portfolio-item__overlay\">\n\t\t\t\t<h3 class=\"elementor-portfolio-item__title\">\n\t\tAvsnitt 2\t\t<\/h3>\n\t\t\t\t<\/div>\n\t\t\t\t<\/a>\n\t\t<\/article>\n\t\t\t\t<article class=\"elementor-portfolio-item elementor-post  post-6876 post type-post status-publish format-standard has-post-thumbnail hentry category-podcast\">\n\t\t\t<a class=\"elementor-post__thumbnail__link\" href=\"https:\/\/atomcollaboration.se\/sv\/podcast\/avsnitt-1\/\">\n\t\t\t\t<div class=\"elementor-portfolio-item__img elementor-post__thumbnail\">\n\t\t\t<img loading=\"lazy\" decoding=\"async\" width=\"800\" height=\"800\" src=\"https:\/\/atomcollaboration.se\/wp-content\/uploads\/2024\/01\/Avsnitt1-Hur-skapar-man-effektiva-team-3-1024x1024.jpg\" class=\"attachment-large size-large wp-image-6599\" alt=\"Podcast avsnitt\" srcset=\"https:\/\/atomcollaboration.se\/wp-content\/uploads\/2024\/01\/Avsnitt1-Hur-skapar-man-effektiva-team-3-1024x1024.jpg 1024w, https:\/\/atomcollaboration.se\/wp-content\/uploads\/2024\/01\/Avsnitt1-Hur-skapar-man-effektiva-team-3-300x300.jpg 300w, https:\/\/atomcollaboration.se\/wp-content\/uploads\/2024\/01\/Avsnitt1-Hur-skapar-man-effektiva-team-3-150x150.jpg 150w, https:\/\/atomcollaboration.se\/wp-content\/uploads\/2024\/01\/Avsnitt1-Hur-skapar-man-effektiva-team-3-768x768.jpg 768w, https:\/\/atomcollaboration.se\/wp-content\/uploads\/2024\/01\/Avsnitt1-Hur-skapar-man-effektiva-team-3-1536x1536.jpg 1536w, https:\/\/atomcollaboration.se\/wp-content\/uploads\/2024\/01\/Avsnitt1-Hur-skapar-man-effektiva-team-3-600x600.jpg 600w, https:\/\/atomcollaboration.se\/wp-content\/uploads\/2024\/01\/Avsnitt1-Hur-skapar-man-effektiva-team-3-100x100.jpg 100w, https:\/\/atomcollaboration.se\/wp-content\/uploads\/2024\/01\/Avsnitt1-Hur-skapar-man-effektiva-team-3.jpg 2000w\" sizes=\"(max-width: 800px) 100vw, 800px\" \/>\t\t<\/div>\n\t\t\t\t<div class=\"elementor-portfolio-item__overlay\">\n\t\t\t\t<h3 class=\"elementor-portfolio-item__title\">\n\t\tAvsnitt 1\t\t<\/h3>\n\t\t\t\t<\/div>\n\t\t\t\t<\/a>\n\t\t<\/article>\n\t\t\t\t<\/div>\n\t\t\t\t<\/div>\n\t\t\t\t<\/div>\n\t\t\t\t\t<\/div>\n\t\t\t\t<\/div>\n\t\t<div class=\"elementor-element elementor-element-95a5a34 e-flex e-con-boxed e-con e-child\" data-id=\"95a5a34\" data-element_type=\"container\">\n\t\t\t\t\t<div class=\"e-con-inner\">\n\t\t\t\t<div class=\"elementor-element elementor-element-b3e705c elementor-grid-3 elementor-grid-tablet-2 elementor-grid-mobile-1 elementor-widget elementor-widget-loop-grid\" data-id=\"b3e705c\" data-element_type=\"widget\" data-settings=\"{&quot;template_id&quot;:8764,&quot;_skin&quot;:&quot;post&quot;,&quot;columns&quot;:&quot;3&quot;,&quot;columns_tablet&quot;:&quot;2&quot;,&quot;columns_mobile&quot;:&quot;1&quot;,&quot;edit_handle_selector&quot;:&quot;[data-elementor-type=\\&quot;loop-item\\&quot;]&quot;,&quot;row_gap&quot;:{&quot;unit&quot;:&quot;px&quot;,&quot;size&quot;:&quot;&quot;,&quot;sizes&quot;:[]},&quot;row_gap_tablet&quot;:{&quot;unit&quot;:&quot;px&quot;,&quot;size&quot;:&quot;&quot;,&quot;sizes&quot;:[]},&quot;row_gap_mobile&quot;:{&quot;unit&quot;:&quot;px&quot;,&quot;size&quot;:&quot;&quot;,&quot;sizes&quot;:[]}}\" data-widget_type=\"loop-grid.post\">\n\t\t\t\t<div class=\"elementor-widget-container\">\n\t\t\t<link rel=\"stylesheet\" href=\"https:\/\/atomcollaboration.se\/wp-content\/plugins\/elementor-pro\/assets\/css\/widget-loop-builder.min.css\">\t\t<div class=\"elementor-loop-container elementor-grid\">\n\t\t<style id=\"loop-8764\"><\/style>\t\t<\/div>\n\t\t\n\t\t\t\t<\/div>\n\t\t\t\t<\/div>\n\t\t\t\t\t<\/div>\n\t\t\t\t<\/div>\n\t\t\t\t\t<\/div>\n\t\t\t\t<\/div>\n\t\t\t\t<\/div>\n\t\t","protected":false},"excerpt":{"rendered":"<p>M\u00e5nadens kompetensfr\u00e5ga En podcast av Atom Collaboration Lyssna p\u00e5 det senaste avsnittet:<\/p>\n","protected":false},"author":1,"featured_media":0,"parent":0,"menu_order":0,"comment_status":"closed","ping_status":"closed","template":"","meta":{"_acf_changed":false,"footnotes":""},"class_list":["post-6870","page","type-page","status-publish","hentry"],"acf":[],"yoast_head":"<!-- This site is optimized with the Yoast SEO plugin v22.8 - https:\/\/yoast.com\/wordpress\/plugins\/seo\/ -->\n<title>Podcast - Atom Collaboration<\/title>\n<meta name=\"robots\" content=\"index, follow, max-snippet:-1, max-image-preview:large, max-video-preview:-1\" \/>\n<link rel=\"canonical\" href=\"https:\/\/atomcollaboration.se\/sv\/podcast\/\" \/>\n<meta property=\"og:locale\" content=\"sv_SE\" \/>\n<meta property=\"og:type\" content=\"article\" \/>\n<meta property=\"og:title\" content=\"Podcast - Atom Collaboration\" \/>\n<meta property=\"og:description\" content=\"M\u00e5nadens kompetensfr\u00e5ga En podcast av Atom Collaboration Lyssna p\u00e5 det senaste avsnittet:\" \/>\n<meta property=\"og:url\" content=\"https:\/\/atomcollaboration.se\/sv\/podcast\/\" \/>\n<meta property=\"og:site_name\" content=\"Atom Collaboration\" \/>\n<meta property=\"article:modified_time\" content=\"2026-02-20T07:38:59+00:00\" \/>\n<meta property=\"og:image\" content=\"https:\/\/atomcollaboration.se\/wp-content\/uploads\/2023\/10\/Feaured-Image-Atom.jpeg\" \/>\n\t<meta property=\"og:image:width\" content=\"1200\" \/>\n\t<meta property=\"og:image:height\" content=\"675\" \/>\n\t<meta property=\"og:image:type\" content=\"image\/jpeg\" \/>\n<meta name=\"twitter:card\" content=\"summary_large_image\" \/>\n<meta name=\"twitter:label1\" content=\"Ber\u00e4knad l\u00e4stid\" \/>\n\t<meta name=\"twitter:data1\" content=\"2 minuter\" \/>\n<script type=\"application\/ld+json\" class=\"yoast-schema-graph\">{\"@context\":\"https:\/\/schema.org\",\"@graph\":[{\"@type\":\"WebPage\",\"@id\":\"https:\/\/atomcollaboration.se\/sv\/podcast\/\",\"url\":\"https:\/\/atomcollaboration.se\/sv\/podcast\/\",\"name\":\"Podcast - Atom Collaboration\",\"isPartOf\":{\"@id\":\"https:\/\/atomcollaboration.se\/sv\/#website\"},\"datePublished\":\"2024-02-27T10:02:37+00:00\",\"dateModified\":\"2026-02-20T07:38:59+00:00\",\"inLanguage\":\"sv-SE\",\"potentialAction\":[{\"@type\":\"ReadAction\",\"target\":[\"https:\/\/atomcollaboration.se\/sv\/podcast\/\"]}]},{\"@type\":\"WebSite\",\"@id\":\"https:\/\/atomcollaboration.se\/sv\/#website\",\"url\":\"https:\/\/atomcollaboration.se\/sv\/\",\"name\":\"Atom Collaboration\",\"description\":\"\",\"publisher\":{\"@id\":\"https:\/\/atomcollaboration.se\/sv\/#organization\"},\"potentialAction\":[{\"@type\":\"SearchAction\",\"target\":{\"@type\":\"EntryPoint\",\"urlTemplate\":\"https:\/\/atomcollaboration.se\/sv\/?s={search_term_string}\"},\"query-input\":\"required name=search_term_string\"}],\"inLanguage\":\"sv-SE\"},{\"@type\":\"Organization\",\"@id\":\"https:\/\/atomcollaboration.se\/sv\/#organization\",\"name\":\"Atom Collaboration\",\"url\":\"https:\/\/atomcollaboration.se\/sv\/\",\"logo\":{\"@type\":\"ImageObject\",\"inLanguage\":\"sv-SE\",\"@id\":\"https:\/\/atomcollaboration.se\/sv\/#\/schema\/logo\/image\/\",\"url\":\"https:\/\/atomcollaboration.se\/wp-content\/uploads\/2023\/08\/cropped-Favico@1x.png\",\"contentUrl\":\"https:\/\/atomcollaboration.se\/wp-content\/uploads\/2023\/08\/cropped-Favico@1x.png\",\"width\":512,\"height\":512,\"caption\":\"Atom Collaboration\"},\"image\":{\"@id\":\"https:\/\/atomcollaboration.se\/sv\/#\/schema\/logo\/image\/\"},\"sameAs\":[\"https:\/\/www.instagram.com\/atomcollaboration\/\",\"https:\/\/se.linkedin.com\/company\/atomcollaboration\"]}]}<\/script>\n<!-- \/ Yoast SEO plugin. -->","yoast_head_json":{"title":"Podcast - Atom Collaboration","robots":{"index":"index","follow":"follow","max-snippet":"max-snippet:-1","max-image-preview":"max-image-preview:large","max-video-preview":"max-video-preview:-1"},"canonical":"https:\/\/atomcollaboration.se\/sv\/podcast\/","og_locale":"sv_SE","og_type":"article","og_title":"Podcast - Atom Collaboration","og_description":"M\u00e5nadens kompetensfr\u00e5ga En podcast av Atom Collaboration Lyssna p\u00e5 det senaste avsnittet:","og_url":"https:\/\/atomcollaboration.se\/sv\/podcast\/","og_site_name":"Atom Collaboration","article_modified_time":"2026-02-20T07:38:59+00:00","og_image":[{"width":1200,"height":675,"url":"https:\/\/atomcollaboration.se\/wp-content\/uploads\/2023\/10\/Feaured-Image-Atom.jpeg","type":"image\/jpeg"}],"twitter_card":"summary_large_image","twitter_misc":{"Ber\u00e4knad l\u00e4stid":"2 minuter"},"schema":{"@context":"https:\/\/schema.org","@graph":[{"@type":"WebPage","@id":"https:\/\/atomcollaboration.se\/sv\/podcast\/","url":"https:\/\/atomcollaboration.se\/sv\/podcast\/","name":"Podcast - Atom Collaboration","isPartOf":{"@id":"https:\/\/atomcollaboration.se\/sv\/#website"},"datePublished":"2024-02-27T10:02:37+00:00","dateModified":"2026-02-20T07:38:59+00:00","inLanguage":"sv-SE","potentialAction":[{"@type":"ReadAction","target":["https:\/\/atomcollaboration.se\/sv\/podcast\/"]}]},{"@type":"WebSite","@id":"https:\/\/atomcollaboration.se\/sv\/#website","url":"https:\/\/atomcollaboration.se\/sv\/","name":"Atom Collaboration","description":"","publisher":{"@id":"https:\/\/atomcollaboration.se\/sv\/#organization"},"potentialAction":[{"@type":"SearchAction","target":{"@type":"EntryPoint","urlTemplate":"https:\/\/atomcollaboration.se\/sv\/?s={search_term_string}"},"query-input":"required name=search_term_string"}],"inLanguage":"sv-SE"},{"@type":"Organization","@id":"https:\/\/atomcollaboration.se\/sv\/#organization","name":"Atom Collaboration","url":"https:\/\/atomcollaboration.se\/sv\/","logo":{"@type":"ImageObject","inLanguage":"sv-SE","@id":"https:\/\/atomcollaboration.se\/sv\/#\/schema\/logo\/image\/","url":"https:\/\/atomcollaboration.se\/wp-content\/uploads\/2023\/08\/cropped-Favico@1x.png","contentUrl":"https:\/\/atomcollaboration.se\/wp-content\/uploads\/2023\/08\/cropped-Favico@1x.png","width":512,"height":512,"caption":"Atom Collaboration"},"image":{"@id":"https:\/\/atomcollaboration.se\/sv\/#\/schema\/logo\/image\/"},"sameAs":["https:\/\/www.instagram.com\/atomcollaboration\/","https:\/\/se.linkedin.com\/company\/atomcollaboration"]}]}},"_links":{"self":[{"href":"https:\/\/atomcollaboration.se\/sv\/wp-json\/wp\/v2\/pages\/6870","targetHints":{"allow":["GET"]}}],"collection":[{"href":"https:\/\/atomcollaboration.se\/sv\/wp-json\/wp\/v2\/pages"}],"about":[{"href":"https:\/\/atomcollaboration.se\/sv\/wp-json\/wp\/v2\/types\/page"}],"author":[{"embeddable":true,"href":"https:\/\/atomcollaboration.se\/sv\/wp-json\/wp\/v2\/users\/1"}],"replies":[{"embeddable":true,"href":"https:\/\/atomcollaboration.se\/sv\/wp-json\/wp\/v2\/comments?post=6870"}],"version-history":[{"count":71,"href":"https:\/\/atomcollaboration.se\/sv\/wp-json\/wp\/v2\/pages\/6870\/revisions"}],"predecessor-version":[{"id":8772,"href":"https:\/\/atomcollaboration.se\/sv\/wp-json\/wp\/v2\/pages\/6870\/revisions\/8772"}],"wp:attachment":[{"href":"https:\/\/atomcollaboration.se\/sv\/wp-json\/wp\/v2\/media?parent=6870"}],"curies":[{"name":"wp","href":"https:\/\/api.w.org\/{rel}","templated":true}]}}